{"id":11787,"date":"2025-06-26T01:10:25","date_gmt":"2025-06-25T23:10:25","guid":{"rendered":"https:\/\/linoexpress.com\/ee\/?post_type=product&#038;p=11787"},"modified":"2025-06-26T03:48:23","modified_gmt":"2025-06-26T01:48:23","slug":"kaasaskantav-spa-vann","status":"publish","type":"product","link":"https:\/\/linoexpress.com\/ee\/proizvod\/kaasaskantav-spa-vann\/","title":{"rendered":"Kaasaskantav spa-vann"},"content":{"rendered":"","protected":false},"excerpt":{"rendered":"<p>Kaasaskantav mini vann on ideaalne lahendus l\u00f5\u00f5gastumiseks igas ruumis \u2013 kodus, reisil v\u00f5i isegi \u00f5ues. T\u00e4nu kokkupandavale disainile v\u00f5tab see minimaalselt ruumi ja on lihtne transportida. Valmistatud ohututest, mugavatest ja soojusisolatsiooniga materjalidest, pakub t\u00e4ielikku spaakogemust.<\/p>\n","protected":false},"featured_media":11801,"comment_status":"closed","ping_status":"closed","template":"","meta":{"inline_featured_image":false},"product_brand":[],"product_cat":[27,15],"product_tag":[],"class_list":{"0":"post-11787","1":"product","2":"type-product","3":"status-publish","4":"has-post-thumbnail","6":"product_cat-home","7":"product_cat-uncategorized","9":"first","10":"instock","11":"sale","12":"taxable","13":"shipping-taxable","14":"purchasable","15":"product-type-simple"},"acf":[],"_links":{"self":[{"href":"https:\/\/linoexpress.com\/ee\/wp-json\/wp\/v2\/product\/11787","targetHints":{"allow":["GET"]}}],"collection":[{"href":"https:\/\/linoexpress.com\/ee\/wp-json\/wp\/v2\/product"}],"about":[{"href":"https:\/\/linoexpress.com\/ee\/wp-json\/wp\/v2\/types\/product"}],"replies":[{"embeddable":true,"href":"https:\/\/linoexpress.com\/ee\/wp-json\/wp\/v2\/comments?post=11787"}],"wp:featuredmedia":[{"embeddable":true,"href":"https:\/\/linoexpress.com\/ee\/wp-json\/wp\/v2\/media\/11801"}],"wp:attachment":[{"href":"https:\/\/linoexpress.com\/ee\/wp-json\/wp\/v2\/media?parent=11787"}],"wp:term":[{"taxonomy":"product_brand","embeddable":true,"href":"https:\/\/linoexpress.com\/ee\/wp-json\/wp\/v2\/product_brand?post=11787"},{"taxonomy":"product_cat","embeddable":true,"href":"https:\/\/linoexpress.com\/ee\/wp-json\/wp\/v2\/product_cat?post=11787"},{"taxonomy":"product_tag","embeddable":true,"href":"https:\/\/linoexpress.com\/ee\/wp-json\/wp\/v2\/product_tag?post=11787"}],"curies":[{"name":"wp","href":"https:\/\/api.w.org\/{rel}","templated":true}]}}