{"id":11810,"date":"2025-06-27T15:21:06","date_gmt":"2025-06-27T13:21:06","guid":{"rendered":"https:\/\/linoexpress.com\/ee\/?post_type=product&#038;p=11810"},"modified":"2025-06-28T00:52:03","modified_gmt":"2025-06-27T22:52:03","slug":"automaatne-uv-markiis","status":"publish","type":"product","link":"https:\/\/linoexpress.com\/ee\/proizvod\/automaatne-uv-markiis\/","title":{"rendered":"Automaatne UV markiis"},"content":{"rendered":"","protected":false},"excerpt":{"rendered":"<p>Kaitske oma auto sisemust p\u00e4ikese ja kuumuse eest automaatse kokkupandava esiklaasi varikatusega. Kiire paigaldamine ja kokkut\u00f5mbamine \u00fche liigutusega, ei riku auto v\u00e4limust ja s\u00e4\u00e4stab energiat.<\/p>\n","protected":false},"featured_media":11819,"comment_status":"closed","ping_status":"closed","template":"","meta":{"inline_featured_image":false},"product_brand":[],"product_cat":[27,15],"product_tag":[],"class_list":{"0":"post-11810","1":"product","2":"type-product","3":"status-publish","4":"has-post-thumbnail","6":"product_cat-home","7":"product_cat-uncategorized","9":"first","10":"instock","11":"sale","12":"taxable","13":"shipping-taxable","14":"purchasable","15":"product-type-simple"},"acf":[],"_links":{"self":[{"href":"https:\/\/linoexpress.com\/ee\/wp-json\/wp\/v2\/product\/11810","targetHints":{"allow":["GET"]}}],"collection":[{"href":"https:\/\/linoexpress.com\/ee\/wp-json\/wp\/v2\/product"}],"about":[{"href":"https:\/\/linoexpress.com\/ee\/wp-json\/wp\/v2\/types\/product"}],"replies":[{"embeddable":true,"href":"https:\/\/linoexpress.com\/ee\/wp-json\/wp\/v2\/comments?post=11810"}],"wp:featuredmedia":[{"embeddable":true,"href":"https:\/\/linoexpress.com\/ee\/wp-json\/wp\/v2\/media\/11819"}],"wp:attachment":[{"href":"https:\/\/linoexpress.com\/ee\/wp-json\/wp\/v2\/media?parent=11810"}],"wp:term":[{"taxonomy":"product_brand","embeddable":true,"href":"https:\/\/linoexpress.com\/ee\/wp-json\/wp\/v2\/product_brand?post=11810"},{"taxonomy":"product_cat","embeddable":true,"href":"https:\/\/linoexpress.com\/ee\/wp-json\/wp\/v2\/product_cat?post=11810"},{"taxonomy":"product_tag","embeddable":true,"href":"https:\/\/linoexpress.com\/ee\/wp-json\/wp\/v2\/product_tag?post=11810"}],"curies":[{"name":"wp","href":"https:\/\/api.w.org\/{rel}","templated":true}]}}