{"id":11853,"date":"2025-07-24T21:19:11","date_gmt":"2025-07-24T19:19:11","guid":{"rendered":"https:\/\/linoexpress.com\/ee\/?post_type=product&#038;p=11853"},"modified":"2025-07-25T00:08:13","modified_gmt":"2025-07-24T22:08:13","slug":"poorlev-grillikorv","status":"publish","type":"product","link":"https:\/\/linoexpress.com\/ee\/proizvod\/poorlev-grillikorv\/","title":{"rendered":"P\u00f6\u00f6rlev grillikorv"},"content":{"rendered":"","protected":false},"excerpt":{"rendered":"<p>Praktiline ja innovatiivne k\u00fcpsetuskorv, mis p\u00f6\u00f6rab toitu \u00fchtlaselt t\u00e4iusliku maitse saavutamiseks. Ideaalne k\u00f6\u00f6giviljade, liha ja p\u00e4hklite jaoks. S\u00e4\u00e4stab aega, ruumi ja v\u00f5imaldab t\u00e4ielikku grillimisnaudingut.<\/p>\n","protected":false},"featured_media":11867,"comment_status":"closed","ping_status":"closed","template":"","meta":{"inline_featured_image":false},"product_brand":[],"product_cat":[27,15],"product_tag":[],"class_list":{"0":"post-11853","1":"product","2":"type-product","3":"status-publish","4":"has-post-thumbnail","6":"product_cat-home","7":"product_cat-uncategorized","9":"first","10":"instock","11":"sale","12":"taxable","13":"shipping-taxable","14":"purchasable","15":"product-type-simple"},"acf":[],"_links":{"self":[{"href":"https:\/\/linoexpress.com\/ee\/wp-json\/wp\/v2\/product\/11853","targetHints":{"allow":["GET"]}}],"collection":[{"href":"https:\/\/linoexpress.com\/ee\/wp-json\/wp\/v2\/product"}],"about":[{"href":"https:\/\/linoexpress.com\/ee\/wp-json\/wp\/v2\/types\/product"}],"replies":[{"embeddable":true,"href":"https:\/\/linoexpress.com\/ee\/wp-json\/wp\/v2\/comments?post=11853"}],"wp:featuredmedia":[{"embeddable":true,"href":"https:\/\/linoexpress.com\/ee\/wp-json\/wp\/v2\/media\/11867"}],"wp:attachment":[{"href":"https:\/\/linoexpress.com\/ee\/wp-json\/wp\/v2\/media?parent=11853"}],"wp:term":[{"taxonomy":"product_brand","embeddable":true,"href":"https:\/\/linoexpress.com\/ee\/wp-json\/wp\/v2\/product_brand?post=11853"},{"taxonomy":"product_cat","embeddable":true,"href":"https:\/\/linoexpress.com\/ee\/wp-json\/wp\/v2\/product_cat?post=11853"},{"taxonomy":"product_tag","embeddable":true,"href":"https:\/\/linoexpress.com\/ee\/wp-json\/wp\/v2\/product_tag?post=11853"}],"curies":[{"name":"wp","href":"https:\/\/api.w.org\/{rel}","templated":true}]}}