{"id":11890,"date":"2025-08-26T12:06:48","date_gmt":"2025-08-26T10:06:48","guid":{"rendered":"https:\/\/linoexpress.com\/ee\/?post_type=product&#038;p=11890"},"modified":"2025-08-26T14:45:47","modified_gmt":"2025-08-26T12:45:47","slug":"vaikne-pall-loputuks-manguks-silent-basketball","status":"publish","type":"product","link":"https:\/\/linoexpress.com\/ee\/proizvod\/vaikne-pall-loputuks-manguks-silent-basketball\/","title":{"rendered":"Vaikne pall l\u00f5putuks m\u00e4nguks \u2013 Silent Basketball"},"content":{"rendered":"","protected":false},"excerpt":{"rendered":"<p>Kujutage ette korvpalli, mis ei tee h\u00e4\u00e4lt, ei kahjusta m\u00f6\u00f6blit ja on t\u00e4iesti ohutu m\u00e4ngimiseks toas. See ongi Silent Basketball \u2013 kerge ja elastne pall, loodud tundideks l\u00f5busaks ajaks.<br data-start=\"331\" data-end=\"334\" \/>Ilma pumpamiseta, ilma piiranguteta \u2013 ainult puhas m\u00e4ng!<\/p>\n","protected":false},"featured_media":11894,"comment_status":"closed","ping_status":"closed","template":"","meta":{"inline_featured_image":false},"product_brand":[],"product_cat":[27,15],"product_tag":[],"class_list":{"0":"post-11890","1":"product","2":"type-product","3":"status-publish","4":"has-post-thumbnail","6":"product_cat-home","7":"product_cat-uncategorized","9":"first","10":"instock","11":"sale","12":"taxable","13":"shipping-taxable","14":"purchasable","15":"product-type-simple"},"acf":[],"_links":{"self":[{"href":"https:\/\/linoexpress.com\/ee\/wp-json\/wp\/v2\/product\/11890","targetHints":{"allow":["GET"]}}],"collection":[{"href":"https:\/\/linoexpress.com\/ee\/wp-json\/wp\/v2\/product"}],"about":[{"href":"https:\/\/linoexpress.com\/ee\/wp-json\/wp\/v2\/types\/product"}],"replies":[{"embeddable":true,"href":"https:\/\/linoexpress.com\/ee\/wp-json\/wp\/v2\/comments?post=11890"}],"wp:featuredmedia":[{"embeddable":true,"href":"https:\/\/linoexpress.com\/ee\/wp-json\/wp\/v2\/media\/11894"}],"wp:attachment":[{"href":"https:\/\/linoexpress.com\/ee\/wp-json\/wp\/v2\/media?parent=11890"}],"wp:term":[{"taxonomy":"product_brand","embeddable":true,"href":"https:\/\/linoexpress.com\/ee\/wp-json\/wp\/v2\/product_brand?post=11890"},{"taxonomy":"product_cat","embeddable":true,"href":"https:\/\/linoexpress.com\/ee\/wp-json\/wp\/v2\/product_cat?post=11890"},{"taxonomy":"product_tag","embeddable":true,"href":"https:\/\/linoexpress.com\/ee\/wp-json\/wp\/v2\/product_tag?post=11890"}],"curies":[{"name":"wp","href":"https:\/\/api.w.org\/{rel}","templated":true}]}}