{"id":11943,"date":"2025-10-17T09:52:58","date_gmt":"2025-10-17T07:52:58","guid":{"rendered":"https:\/\/linoexpress.com\/ee\/?post_type=product&#038;p=11943"},"modified":"2026-03-11T01:13:30","modified_gmt":"2026-03-11T00:13:30","slug":"heliraamat-inglise-keele-oppimiseks","status":"publish","type":"product","link":"https:\/\/linoexpress.com\/ee\/proizvod\/heliraamat-inglise-keele-oppimiseks\/","title":{"rendered":"Heliraamat inglise keele \u00f5ppimiseks"},"content":{"rendered":"","protected":false},"excerpt":{"rendered":"<p>Interaktiivne heliraamat aitab lastel \u00f5ppida \u00fcle 470 ingliskeelse s\u00f5na 21 teema, viktoriinide ja laulude kaudu. Ideaalne koduseks kasutamiseks, lasteaias, koolis v\u00f5i hariduskingitusena. Raamat \u00fchendab \u00f5ppimise ja m\u00e4ngulise tegevuse, julgustades lapsi iseseisvalt avastama ja r\u00e4\u00e4kima.<\/p>\n","protected":false},"featured_media":11947,"comment_status":"closed","ping_status":"closed","template":"","meta":{"inline_featured_image":false},"product_brand":[],"product_cat":[27,35,15],"product_tag":[],"class_list":{"0":"post-11943","1":"product","2":"type-product","3":"status-publish","4":"has-post-thumbnail","6":"product_cat-home","7":"product_cat-fun","8":"product_cat-uncategorized","10":"first","11":"instock","12":"sale","13":"taxable","14":"shipping-taxable","15":"purchasable","16":"product-type-simple"},"acf":[],"_links":{"self":[{"href":"https:\/\/linoexpress.com\/ee\/wp-json\/wp\/v2\/product\/11943","targetHints":{"allow":["GET"]}}],"collection":[{"href":"https:\/\/linoexpress.com\/ee\/wp-json\/wp\/v2\/product"}],"about":[{"href":"https:\/\/linoexpress.com\/ee\/wp-json\/wp\/v2\/types\/product"}],"replies":[{"embeddable":true,"href":"https:\/\/linoexpress.com\/ee\/wp-json\/wp\/v2\/comments?post=11943"}],"wp:featuredmedia":[{"embeddable":true,"href":"https:\/\/linoexpress.com\/ee\/wp-json\/wp\/v2\/media\/11947"}],"wp:attachment":[{"href":"https:\/\/linoexpress.com\/ee\/wp-json\/wp\/v2\/media?parent=11943"}],"wp:term":[{"taxonomy":"product_brand","embeddable":true,"href":"https:\/\/linoexpress.com\/ee\/wp-json\/wp\/v2\/product_brand?post=11943"},{"taxonomy":"product_cat","embeddable":true,"href":"https:\/\/linoexpress.com\/ee\/wp-json\/wp\/v2\/product_cat?post=11943"},{"taxonomy":"product_tag","embeddable":true,"href":"https:\/\/linoexpress.com\/ee\/wp-json\/wp\/v2\/product_tag?post=11943"}],"curies":[{"name":"wp","href":"https:\/\/api.w.org\/{rel}","templated":true}]}}