{"id":11958,"date":"2025-10-17T16:25:16","date_gmt":"2025-10-17T14:25:16","guid":{"rendered":"https:\/\/linoexpress.com\/ee\/?post_type=product&#038;p=11958"},"modified":"2025-11-19T09:11:57","modified_gmt":"2025-11-19T08:11:57","slug":"emotsionaalne-pehme-manguasi-kuschelkoala","status":"publish","type":"product","link":"https:\/\/linoexpress.com\/ee\/proizvod\/emotsionaalne-pehme-manguasi-kuschelkoala\/","title":{"rendered":"Emotsionaalne pehme m\u00e4nguasi &#8211; KuschelKoala"},"content":{"rendered":"","protected":false},"excerpt":{"rendered":"<p>KuschelKoala on rohkem kui lihtsalt pehme m\u00e4nguasi \u2013 see on v\u00e4ike emotsionaalne kaaslane. Selle pehme ja meeldiv tekstuur pakub turvatunnet, rahustab stressi ja \u00fcksindust ning soodustab \u00f5nnehormooni oks\u00fctotsiini vabastamist. Ideaalne lastele ja t\u00e4iskasvanutele, kodus, reisil v\u00f5i kui pidev lohutuse allikas.<\/p>\n","protected":false},"featured_media":11960,"comment_status":"closed","ping_status":"closed","template":"","meta":{"inline_featured_image":false},"product_brand":[],"product_cat":[27,35,15],"product_tag":[],"class_list":{"0":"post-11958","1":"product","2":"type-product","3":"status-publish","4":"has-post-thumbnail","6":"product_cat-home","7":"product_cat-fun","8":"product_cat-uncategorized","10":"first","11":"instock","12":"sale","13":"taxable","14":"shipping-taxable","15":"purchasable","16":"product-type-simple"},"acf":[],"_links":{"self":[{"href":"https:\/\/linoexpress.com\/ee\/wp-json\/wp\/v2\/product\/11958","targetHints":{"allow":["GET"]}}],"collection":[{"href":"https:\/\/linoexpress.com\/ee\/wp-json\/wp\/v2\/product"}],"about":[{"href":"https:\/\/linoexpress.com\/ee\/wp-json\/wp\/v2\/types\/product"}],"replies":[{"embeddable":true,"href":"https:\/\/linoexpress.com\/ee\/wp-json\/wp\/v2\/comments?post=11958"}],"wp:featuredmedia":[{"embeddable":true,"href":"https:\/\/linoexpress.com\/ee\/wp-json\/wp\/v2\/media\/11960"}],"wp:attachment":[{"href":"https:\/\/linoexpress.com\/ee\/wp-json\/wp\/v2\/media?parent=11958"}],"wp:term":[{"taxonomy":"product_brand","embeddable":true,"href":"https:\/\/linoexpress.com\/ee\/wp-json\/wp\/v2\/product_brand?post=11958"},{"taxonomy":"product_cat","embeddable":true,"href":"https:\/\/linoexpress.com\/ee\/wp-json\/wp\/v2\/product_cat?post=11958"},{"taxonomy":"product_tag","embeddable":true,"href":"https:\/\/linoexpress.com\/ee\/wp-json\/wp\/v2\/product_tag?post=11958"}],"curies":[{"name":"wp","href":"https:\/\/api.w.org\/{rel}","templated":true}]}}