{"id":11974,"date":"2025-10-20T23:40:51","date_gmt":"2025-10-20T21:40:51","guid":{"rendered":"https:\/\/linoexpress.com\/ee\/?post_type=product&#038;p=11974"},"modified":"2026-02-11T10:47:18","modified_gmt":"2026-02-11T09:47:18","slug":"louatombe-abivoo-fitband-pro","status":"publish","type":"product","link":"https:\/\/linoexpress.com\/ee\/proizvod\/louatombe-abivoo-fitband-pro\/","title":{"rendered":"L\u00f5uat\u00f5mbe abiv\u00f6\u00f6 \u2013 FitBand Pro"},"content":{"rendered":"","protected":false},"excerpt":{"rendered":"<p>Paranda oma koduseid treeninguid l\u00f5uat\u00f5mbe abiv\u00f6\u00f6ga, mis pakub stabiilsust, turvalisust ja efektiivsust igas liigutuses. Ilma abitreenerita ja tarbetu koormuseta \u2013 ainult sina, sinu j\u00f5ud ja nutikas treeninguvahend. Sobib nii algajatele kui ka edasij\u00f5udnutele, kes soovivad tugevdada \u00fclakeha ja t\u00e4iustada l\u00f5uat\u00f5mbe tehnikat.<\/p>\n","protected":false},"featured_media":11978,"comment_status":"closed","ping_status":"closed","template":"","meta":{"inline_featured_image":false},"product_brand":[],"product_cat":[27,35,15],"product_tag":[],"class_list":{"0":"post-11974","1":"product","2":"type-product","3":"status-publish","4":"has-post-thumbnail","6":"product_cat-home","7":"product_cat-fun","8":"product_cat-uncategorized","10":"first","11":"instock","12":"sale","13":"taxable","14":"shipping-taxable","15":"purchasable","16":"product-type-simple"},"acf":[],"_links":{"self":[{"href":"https:\/\/linoexpress.com\/ee\/wp-json\/wp\/v2\/product\/11974","targetHints":{"allow":["GET"]}}],"collection":[{"href":"https:\/\/linoexpress.com\/ee\/wp-json\/wp\/v2\/product"}],"about":[{"href":"https:\/\/linoexpress.com\/ee\/wp-json\/wp\/v2\/types\/product"}],"replies":[{"embeddable":true,"href":"https:\/\/linoexpress.com\/ee\/wp-json\/wp\/v2\/comments?post=11974"}],"wp:featuredmedia":[{"embeddable":true,"href":"https:\/\/linoexpress.com\/ee\/wp-json\/wp\/v2\/media\/11978"}],"wp:attachment":[{"href":"https:\/\/linoexpress.com\/ee\/wp-json\/wp\/v2\/media?parent=11974"}],"wp:term":[{"taxonomy":"product_brand","embeddable":true,"href":"https:\/\/linoexpress.com\/ee\/wp-json\/wp\/v2\/product_brand?post=11974"},{"taxonomy":"product_cat","embeddable":true,"href":"https:\/\/linoexpress.com\/ee\/wp-json\/wp\/v2\/product_cat?post=11974"},{"taxonomy":"product_tag","embeddable":true,"href":"https:\/\/linoexpress.com\/ee\/wp-json\/wp\/v2\/product_tag?post=11974"}],"curies":[{"name":"wp","href":"https:\/\/api.w.org\/{rel}","templated":true}]}}