{"id":12046,"date":"2025-11-05T20:13:41","date_gmt":"2025-11-05T19:13:41","guid":{"rendered":"https:\/\/linoexpress.com\/ee\/proizvod\/tracne-product\/"},"modified":"2026-03-10T17:59:57","modified_gmt":"2026-03-10T16:59:57","slug":"kaasaskantav-kaelavenitaja","status":"publish","type":"product","link":"https:\/\/linoexpress.com\/ee\/proizvod\/kaasaskantav-kaelavenitaja\/","title":{"rendered":"Kaasaskantav kaelavenitaja"},"content":{"rendered":"","protected":false},"excerpt":{"rendered":"<p>\u00dctle h\u00fcvasti kaela j\u00e4ikusele ja pingele selle kaasaskantava kaelavenitajaga, mida saate kasutada igal ajal ja igal pool. See on ideaalne taastumiseks p\u00e4rast pikka arvutit\u00f6\u00f6d, f\u00fc\u00fcsilist tegevust v\u00f5i rasket p\u00e4eva. Pakub professionaalset venitust ja leevendust kaela- ja \u00f5lav\u00f6\u00f6tme lihastele \u2013 seda k\u00f5ike teie kodu mugavuses.<\/p>\n","protected":false},"featured_media":12047,"comment_status":"closed","ping_status":"closed","template":"","meta":{"inline_featured_image":false},"product_brand":[],"product_cat":[25,27,26,15],"product_tag":[],"class_list":{"0":"post-12046","1":"product","2":"type-product","3":"status-publish","4":"has-post-thumbnail","6":"product_cat-car","7":"product_cat-home","8":"product_cat-tervis","9":"product_cat-uncategorized","11":"first","12":"instock","13":"sale","14":"taxable","15":"shipping-taxable","16":"purchasable","17":"product-type-simple"},"acf":[],"_links":{"self":[{"href":"https:\/\/linoexpress.com\/ee\/wp-json\/wp\/v2\/product\/12046","targetHints":{"allow":["GET"]}}],"collection":[{"href":"https:\/\/linoexpress.com\/ee\/wp-json\/wp\/v2\/product"}],"about":[{"href":"https:\/\/linoexpress.com\/ee\/wp-json\/wp\/v2\/types\/product"}],"replies":[{"embeddable":true,"href":"https:\/\/linoexpress.com\/ee\/wp-json\/wp\/v2\/comments?post=12046"}],"wp:featuredmedia":[{"embeddable":true,"href":"https:\/\/linoexpress.com\/ee\/wp-json\/wp\/v2\/media\/12047"}],"wp:attachment":[{"href":"https:\/\/linoexpress.com\/ee\/wp-json\/wp\/v2\/media?parent=12046"}],"wp:term":[{"taxonomy":"product_brand","embeddable":true,"href":"https:\/\/linoexpress.com\/ee\/wp-json\/wp\/v2\/product_brand?post=12046"},{"taxonomy":"product_cat","embeddable":true,"href":"https:\/\/linoexpress.com\/ee\/wp-json\/wp\/v2\/product_cat?post=12046"},{"taxonomy":"product_tag","embeddable":true,"href":"https:\/\/linoexpress.com\/ee\/wp-json\/wp\/v2\/product_tag?post=12046"}],"curies":[{"name":"wp","href":"https:\/\/api.w.org\/{rel}","templated":true}]}}