{"id":12060,"date":"2025-11-06T02:05:15","date_gmt":"2025-11-06T01:05:15","guid":{"rendered":"https:\/\/linoexpress.com\/ee\/proizvod\/pandy-product\/"},"modified":"2026-03-11T01:13:00","modified_gmt":"2026-03-11T00:13:00","slug":"armas-panda-terapeutiline-kaisukaru","status":"publish","type":"product","link":"https:\/\/linoexpress.com\/ee\/proizvod\/armas-panda-terapeutiline-kaisukaru\/","title":{"rendered":"Armas panda terapeutiline kaisukaru"},"content":{"rendered":"","protected":false},"excerpt":{"rendered":"<p>Armas panda terapeutiline pehme m\u00e4nguasi on loodud pakkuma lohutust, turvalisust ja rahu k\u00f5igile, kes vajavad hetke \u00f5rnust.<br \/>\nT\u00e4nu erilisele disainile \u00f5rnade liigutustega ja meeldiva kaaluga j\u00e4ljendab see panda t\u00f5elise kallistuse tunnet ja soodustab keha ja meele s\u00fcgavat l\u00f5dvestumist.<\/p>\n","protected":false},"featured_media":12061,"comment_status":"closed","ping_status":"closed","template":"","meta":{"inline_featured_image":false},"product_brand":[],"product_cat":[25,27,35,24],"product_tag":[],"class_list":{"0":"post-12060","1":"product","2":"type-product","3":"status-publish","4":"has-post-thumbnail","6":"product_cat-car","7":"product_cat-home","8":"product_cat-fun","9":"product_cat-sale","11":"first","12":"instock","13":"sale","14":"taxable","15":"shipping-taxable","16":"purchasable","17":"product-type-simple"},"acf":[],"_links":{"self":[{"href":"https:\/\/linoexpress.com\/ee\/wp-json\/wp\/v2\/product\/12060","targetHints":{"allow":["GET"]}}],"collection":[{"href":"https:\/\/linoexpress.com\/ee\/wp-json\/wp\/v2\/product"}],"about":[{"href":"https:\/\/linoexpress.com\/ee\/wp-json\/wp\/v2\/types\/product"}],"replies":[{"embeddable":true,"href":"https:\/\/linoexpress.com\/ee\/wp-json\/wp\/v2\/comments?post=12060"}],"wp:featuredmedia":[{"embeddable":true,"href":"https:\/\/linoexpress.com\/ee\/wp-json\/wp\/v2\/media\/12061"}],"wp:attachment":[{"href":"https:\/\/linoexpress.com\/ee\/wp-json\/wp\/v2\/media?parent=12060"}],"wp:term":[{"taxonomy":"product_brand","embeddable":true,"href":"https:\/\/linoexpress.com\/ee\/wp-json\/wp\/v2\/product_brand?post=12060"},{"taxonomy":"product_cat","embeddable":true,"href":"https:\/\/linoexpress.com\/ee\/wp-json\/wp\/v2\/product_cat?post=12060"},{"taxonomy":"product_tag","embeddable":true,"href":"https:\/\/linoexpress.com\/ee\/wp-json\/wp\/v2\/product_tag?post=12060"}],"curies":[{"name":"wp","href":"https:\/\/api.w.org\/{rel}","templated":true}]}}