{"id":12073,"date":"2025-11-06T18:29:27","date_gmt":"2025-11-06T17:29:27","guid":{"rendered":"https:\/\/linoexpress.com\/ee\/proizvod\/musictrvo-product\/"},"modified":"2025-11-19T09:11:18","modified_gmt":"2025-11-19T08:11:18","slug":"muusikakast-joulurong","status":"publish","type":"product","link":"https:\/\/linoexpress.com\/ee\/proizvod\/muusikakast-joulurong\/","title":{"rendered":"Muusikakast J\u00f5ulurong"},"content":{"rendered":"","protected":false},"excerpt":{"rendered":"<p>Retro disain rongiga koos kaunite j\u00f5ulumotiivide ja piduliku muusikaga loob igas kodus sooja, muinasjutulise atmosf\u00e4\u00e4ri. See elegantne kaunistus koos j\u00f5uluvanaga, kingituste ja lumekuuli efektiga on ideaalne valik pidulauale, kaminale v\u00f5i riiulile.<\/p>\n","protected":false},"featured_media":12074,"comment_status":"closed","ping_status":"closed","template":"","meta":{"inline_featured_image":false},"product_brand":[],"product_cat":[25,27,35,26],"product_tag":[],"class_list":{"0":"post-12073","1":"product","2":"type-product","3":"status-publish","4":"has-post-thumbnail","6":"product_cat-car","7":"product_cat-home","8":"product_cat-fun","9":"product_cat-tervis","11":"first","12":"instock","13":"sale","14":"taxable","15":"shipping-taxable","16":"purchasable","17":"product-type-simple"},"acf":[],"_links":{"self":[{"href":"https:\/\/linoexpress.com\/ee\/wp-json\/wp\/v2\/product\/12073","targetHints":{"allow":["GET"]}}],"collection":[{"href":"https:\/\/linoexpress.com\/ee\/wp-json\/wp\/v2\/product"}],"about":[{"href":"https:\/\/linoexpress.com\/ee\/wp-json\/wp\/v2\/types\/product"}],"replies":[{"embeddable":true,"href":"https:\/\/linoexpress.com\/ee\/wp-json\/wp\/v2\/comments?post=12073"}],"wp:featuredmedia":[{"embeddable":true,"href":"https:\/\/linoexpress.com\/ee\/wp-json\/wp\/v2\/media\/12074"}],"wp:attachment":[{"href":"https:\/\/linoexpress.com\/ee\/wp-json\/wp\/v2\/media?parent=12073"}],"wp:term":[{"taxonomy":"product_brand","embeddable":true,"href":"https:\/\/linoexpress.com\/ee\/wp-json\/wp\/v2\/product_brand?post=12073"},{"taxonomy":"product_cat","embeddable":true,"href":"https:\/\/linoexpress.com\/ee\/wp-json\/wp\/v2\/product_cat?post=12073"},{"taxonomy":"product_tag","embeddable":true,"href":"https:\/\/linoexpress.com\/ee\/wp-json\/wp\/v2\/product_tag?post=12073"}],"curies":[{"name":"wp","href":"https:\/\/api.w.org\/{rel}","templated":true}]}}