{"id":12090,"date":"2025-11-06T22:54:23","date_gmt":"2025-11-06T21:54:23","guid":{"rendered":"https:\/\/linoexpress.com\/ee\/proizvod\/dino-product\/"},"modified":"2026-03-11T01:12:47","modified_gmt":"2026-03-11T00:12:47","slug":"taispuhutav-dinosaurus-lastele","status":"publish","type":"product","link":"https:\/\/linoexpress.com\/ee\/proizvod\/taispuhutav-dinosaurus-lastele\/","title":{"rendered":"T\u00e4ispuhutav dinosaurus lastele"},"content":{"rendered":"","protected":false},"excerpt":{"rendered":"<p>Muutke m\u00e4ng t\u00f5eliseks jura seikluseks.<br \/>\nRealistlik dinosauruse disain punase-mustade detailidega.<br \/>\nLED-silmad annavad \u00f6\u00f6sel suurejoonelise efekti.<\/p>\n","protected":false},"featured_media":12091,"comment_status":"closed","ping_status":"closed","template":"","meta":{"inline_featured_image":false},"product_brand":[],"product_cat":[25,27,35,26],"product_tag":[],"class_list":{"0":"post-12090","1":"product","2":"type-product","3":"status-publish","4":"has-post-thumbnail","6":"product_cat-car","7":"product_cat-home","8":"product_cat-fun","9":"product_cat-tervis","11":"first","12":"instock","13":"sale","14":"taxable","15":"shipping-taxable","16":"purchasable","17":"product-type-simple"},"acf":[],"_links":{"self":[{"href":"https:\/\/linoexpress.com\/ee\/wp-json\/wp\/v2\/product\/12090","targetHints":{"allow":["GET"]}}],"collection":[{"href":"https:\/\/linoexpress.com\/ee\/wp-json\/wp\/v2\/product"}],"about":[{"href":"https:\/\/linoexpress.com\/ee\/wp-json\/wp\/v2\/types\/product"}],"replies":[{"embeddable":true,"href":"https:\/\/linoexpress.com\/ee\/wp-json\/wp\/v2\/comments?post=12090"}],"wp:featuredmedia":[{"embeddable":true,"href":"https:\/\/linoexpress.com\/ee\/wp-json\/wp\/v2\/media\/12091"}],"wp:attachment":[{"href":"https:\/\/linoexpress.com\/ee\/wp-json\/wp\/v2\/media?parent=12090"}],"wp:term":[{"taxonomy":"product_brand","embeddable":true,"href":"https:\/\/linoexpress.com\/ee\/wp-json\/wp\/v2\/product_brand?post=12090"},{"taxonomy":"product_cat","embeddable":true,"href":"https:\/\/linoexpress.com\/ee\/wp-json\/wp\/v2\/product_cat?post=12090"},{"taxonomy":"product_tag","embeddable":true,"href":"https:\/\/linoexpress.com\/ee\/wp-json\/wp\/v2\/product_tag?post=12090"}],"curies":[{"name":"wp","href":"https:\/\/api.w.org\/{rel}","templated":true}]}}