{"id":12136,"date":"2025-11-12T13:28:16","date_gmt":"2025-11-12T12:28:16","guid":{"rendered":"https:\/\/linoexpress.com\/ee\/proizvod\/ulrep-product\/"},"modified":"2026-03-11T01:12:38","modified_gmt":"2026-03-11T00:12:38","slug":"ultraheli-kaitse-nariliste-vastu","status":"publish","type":"product","link":"https:\/\/linoexpress.com\/ee\/proizvod\/ultraheli-kaitse-nariliste-vastu\/","title":{"rendered":"Ultraheli kaitse n\u00e4riliste vastu"},"content":{"rendered":"","protected":false},"excerpt":{"rendered":"<p>Elektrooniline seade, mis peletab hiiri ja teisi n\u00e4rilisi k\u00f5rgsageduslike helilainetega.<br \/>\nInimk\u00f5rvale m\u00e4rkamatud, kuid n\u00e4rilistele ebamugavust ja vastumeelsust tekitavad.<br \/>\nLihtne kasutada ja ohutu inimestele ning lemmikloomadele.<\/p>\n","protected":false},"featured_media":12137,"comment_status":"closed","ping_status":"closed","template":"","meta":{"inline_featured_image":false},"product_brand":[],"product_cat":[25,27,26],"product_tag":[],"class_list":{"0":"post-12136","1":"product","2":"type-product","3":"status-publish","4":"has-post-thumbnail","6":"product_cat-car","7":"product_cat-home","8":"product_cat-tervis","10":"first","11":"instock","12":"sale","13":"taxable","14":"shipping-taxable","15":"purchasable","16":"product-type-simple"},"acf":[],"_links":{"self":[{"href":"https:\/\/linoexpress.com\/ee\/wp-json\/wp\/v2\/product\/12136","targetHints":{"allow":["GET"]}}],"collection":[{"href":"https:\/\/linoexpress.com\/ee\/wp-json\/wp\/v2\/product"}],"about":[{"href":"https:\/\/linoexpress.com\/ee\/wp-json\/wp\/v2\/types\/product"}],"replies":[{"embeddable":true,"href":"https:\/\/linoexpress.com\/ee\/wp-json\/wp\/v2\/comments?post=12136"}],"wp:featuredmedia":[{"embeddable":true,"href":"https:\/\/linoexpress.com\/ee\/wp-json\/wp\/v2\/media\/12137"}],"wp:attachment":[{"href":"https:\/\/linoexpress.com\/ee\/wp-json\/wp\/v2\/media?parent=12136"}],"wp:term":[{"taxonomy":"product_brand","embeddable":true,"href":"https:\/\/linoexpress.com\/ee\/wp-json\/wp\/v2\/product_brand?post=12136"},{"taxonomy":"product_cat","embeddable":true,"href":"https:\/\/linoexpress.com\/ee\/wp-json\/wp\/v2\/product_cat?post=12136"},{"taxonomy":"product_tag","embeddable":true,"href":"https:\/\/linoexpress.com\/ee\/wp-json\/wp\/v2\/product_tag?post=12136"}],"curies":[{"name":"wp","href":"https:\/\/api.w.org\/{rel}","templated":true}]}}