{"id":12153,"date":"2025-11-13T17:04:27","date_gmt":"2025-11-13T16:04:27","guid":{"rendered":"https:\/\/linoexpress.com\/ee\/proizvod\/zp20-product\/"},"modified":"2025-11-13T20:24:18","modified_gmt":"2025-11-13T19:24:18","slug":"turbo-topelt-seinakontaktlaadija-20w","status":"publish","type":"product","link":"https:\/\/linoexpress.com\/ee\/proizvod\/turbo-topelt-seinakontaktlaadija-20w\/","title":{"rendered":"Turbo topelt seinakontaktlaadija 20W"},"content":{"rendered":"","protected":false},"excerpt":{"rendered":"<p>Laadige k\u00f5ik oma seadmed kiiresti Turbo topeltseinalaadijaga 20W. Kompaktne, usaldusv\u00e4\u00e4rne ja nutikas \u2013 see laadija kasutab t\u00e4iustatud tehnoloogiat telefonide, tahvelarvutite, konsoolide ja muude seadmete kiireks ja ohutuks laadimiseks. Sisseehitatud sisse t\u00f5mmatav kaabel ja mitmekihiline kaitse muudavad selle praktiliseks igal juhul: kodus, t\u00f6\u00f6l v\u00f5i reisil.<\/p>\n","protected":false},"featured_media":12155,"comment_status":"closed","ping_status":"closed","template":"","meta":{"inline_featured_image":false},"product_brand":[],"product_cat":[25,27,24,26],"product_tag":[],"class_list":{"0":"post-12153","1":"product","2":"type-product","3":"status-publish","4":"has-post-thumbnail","6":"product_cat-car","7":"product_cat-home","8":"product_cat-sale","9":"product_cat-tervis","11":"first","12":"instock","13":"sale","14":"taxable","15":"shipping-taxable","16":"purchasable","17":"product-type-simple"},"acf":[],"_links":{"self":[{"href":"https:\/\/linoexpress.com\/ee\/wp-json\/wp\/v2\/product\/12153","targetHints":{"allow":["GET"]}}],"collection":[{"href":"https:\/\/linoexpress.com\/ee\/wp-json\/wp\/v2\/product"}],"about":[{"href":"https:\/\/linoexpress.com\/ee\/wp-json\/wp\/v2\/types\/product"}],"replies":[{"embeddable":true,"href":"https:\/\/linoexpress.com\/ee\/wp-json\/wp\/v2\/comments?post=12153"}],"wp:featuredmedia":[{"embeddable":true,"href":"https:\/\/linoexpress.com\/ee\/wp-json\/wp\/v2\/media\/12155"}],"wp:attachment":[{"href":"https:\/\/linoexpress.com\/ee\/wp-json\/wp\/v2\/media?parent=12153"}],"wp:term":[{"taxonomy":"product_brand","embeddable":true,"href":"https:\/\/linoexpress.com\/ee\/wp-json\/wp\/v2\/product_brand?post=12153"},{"taxonomy":"product_cat","embeddable":true,"href":"https:\/\/linoexpress.com\/ee\/wp-json\/wp\/v2\/product_cat?post=12153"},{"taxonomy":"product_tag","embeddable":true,"href":"https:\/\/linoexpress.com\/ee\/wp-json\/wp\/v2\/product_tag?post=12153"}],"curies":[{"name":"wp","href":"https:\/\/api.w.org\/{rel}","templated":true}]}}