{"id":12195,"date":"2025-12-10T06:06:58","date_gmt":"2025-12-10T05:06:58","guid":{"rendered":"https:\/\/linoexpress.com\/ee\/proizvod\/sn-mask-product\/"},"modified":"2025-12-11T14:53:34","modified_gmt":"2025-12-11T13:53:34","slug":"lumeni-ninja-mask","status":"publish","type":"product","link":"https:\/\/linoexpress.com\/ee\/proizvod\/lumeni-ninja-mask\/","title":{"rendered":"Lumeni ninja mask"},"content":{"rendered":"","protected":false},"excerpt":{"rendered":"<p>Lumeminja mask on sinu asendamatu liitlane n\u00f5lvadel! See \u00fchendab kaitse, mugavuse ja stiili \u00fches. See multifunktsionaalne mask tuleb eemaldatava n\u00e4omaski ja uduvastaste prillidega, mis tagavad selge n\u00e4htavuse ja t\u00e4ieliku kaitse tuule, lume ja UV-kiirte eest. Ideaalne suusatamiseks, lumelauas\u00f5iduks v\u00f5i mis tahes talvise seikluse jaoks!<\/p>\n","protected":false},"featured_media":12196,"comment_status":"closed","ping_status":"closed","template":"","meta":{"inline_featured_image":false},"product_brand":[],"product_cat":[25,35,24],"product_tag":[],"class_list":{"0":"post-12195","1":"product","2":"type-product","3":"status-publish","4":"has-post-thumbnail","6":"product_cat-car","7":"product_cat-fun","8":"product_cat-sale","10":"first","11":"instock","12":"sale","13":"taxable","14":"shipping-taxable","15":"purchasable","16":"product-type-simple"},"acf":[],"_links":{"self":[{"href":"https:\/\/linoexpress.com\/ee\/wp-json\/wp\/v2\/product\/12195","targetHints":{"allow":["GET"]}}],"collection":[{"href":"https:\/\/linoexpress.com\/ee\/wp-json\/wp\/v2\/product"}],"about":[{"href":"https:\/\/linoexpress.com\/ee\/wp-json\/wp\/v2\/types\/product"}],"replies":[{"embeddable":true,"href":"https:\/\/linoexpress.com\/ee\/wp-json\/wp\/v2\/comments?post=12195"}],"wp:featuredmedia":[{"embeddable":true,"href":"https:\/\/linoexpress.com\/ee\/wp-json\/wp\/v2\/media\/12196"}],"wp:attachment":[{"href":"https:\/\/linoexpress.com\/ee\/wp-json\/wp\/v2\/media?parent=12195"}],"wp:term":[{"taxonomy":"product_brand","embeddable":true,"href":"https:\/\/linoexpress.com\/ee\/wp-json\/wp\/v2\/product_brand?post=12195"},{"taxonomy":"product_cat","embeddable":true,"href":"https:\/\/linoexpress.com\/ee\/wp-json\/wp\/v2\/product_cat?post=12195"},{"taxonomy":"product_tag","embeddable":true,"href":"https:\/\/linoexpress.com\/ee\/wp-json\/wp\/v2\/product_tag?post=12195"}],"curies":[{"name":"wp","href":"https:\/\/api.w.org\/{rel}","templated":true}]}}