{"id":12224,"date":"2025-12-15T12:26:53","date_gmt":"2025-12-15T11:26:53","guid":{"rendered":"https:\/\/linoexpress.com\/ee\/proizvod\/jazdog-product\/"},"modified":"2025-12-15T12:34:08","modified_gmt":"2025-12-15T11:34:08","slug":"nutikas-pluusist-taksikoer","status":"publish","type":"product","link":"https:\/\/linoexpress.com\/ee\/proizvod\/nutikas-pluusist-taksikoer\/","title":{"rendered":"Nutikas pl\u00fc\u00fcsist taksikoer"},"content":{"rendered":"","protected":false},"excerpt":{"rendered":"<p>Tutvuge pl\u00fc\u00fcsist lemmikloomaga, kes reageerib nagu t\u00f5eline taksikoer.<\/p>\n<p>T\u00e4nu nutikale liikumistehnoloogiale tunneb ta puudutust ja vastab k\u00f5ndimise, saba liputamise ja \u00f5rnade pea liigutustega.<\/p>\n<p>Ta on ideaalne emotsionaalseks kaaslaseks, kingituseks v\u00f5i lohutuseks igas kodus.<\/p>\n","protected":false},"featured_media":12225,"comment_status":"closed","ping_status":"closed","template":"","meta":{"inline_featured_image":false},"product_brand":[],"product_cat":[25,27,24,26],"product_tag":[],"class_list":{"0":"post-12224","1":"product","2":"type-product","3":"status-publish","4":"has-post-thumbnail","6":"product_cat-car","7":"product_cat-home","8":"product_cat-sale","9":"product_cat-tervis","11":"first","12":"instock","13":"sale","14":"taxable","15":"shipping-taxable","16":"purchasable","17":"product-type-simple"},"acf":[],"_links":{"self":[{"href":"https:\/\/linoexpress.com\/ee\/wp-json\/wp\/v2\/product\/12224","targetHints":{"allow":["GET"]}}],"collection":[{"href":"https:\/\/linoexpress.com\/ee\/wp-json\/wp\/v2\/product"}],"about":[{"href":"https:\/\/linoexpress.com\/ee\/wp-json\/wp\/v2\/types\/product"}],"replies":[{"embeddable":true,"href":"https:\/\/linoexpress.com\/ee\/wp-json\/wp\/v2\/comments?post=12224"}],"wp:featuredmedia":[{"embeddable":true,"href":"https:\/\/linoexpress.com\/ee\/wp-json\/wp\/v2\/media\/12225"}],"wp:attachment":[{"href":"https:\/\/linoexpress.com\/ee\/wp-json\/wp\/v2\/media?parent=12224"}],"wp:term":[{"taxonomy":"product_brand","embeddable":true,"href":"https:\/\/linoexpress.com\/ee\/wp-json\/wp\/v2\/product_brand?post=12224"},{"taxonomy":"product_cat","embeddable":true,"href":"https:\/\/linoexpress.com\/ee\/wp-json\/wp\/v2\/product_cat?post=12224"},{"taxonomy":"product_tag","embeddable":true,"href":"https:\/\/linoexpress.com\/ee\/wp-json\/wp\/v2\/product_tag?post=12224"}],"curies":[{"name":"wp","href":"https:\/\/api.w.org\/{rel}","templated":true}]}}