{"id":12247,"date":"2026-01-04T02:50:00","date_gmt":"2026-01-04T01:50:00","guid":{"rendered":"https:\/\/linoexpress.com\/ee\/proizvod\/autovariacija-product\/"},"modified":"2026-01-04T21:15:16","modified_gmt":"2026-01-04T20:15:16","slug":"laste-kart-2-uhes-auto","status":"publish","type":"product","link":"https:\/\/linoexpress.com\/ee\/proizvod\/laste-kart-2-uhes-auto\/","title":{"rendered":"Laste kart &#8211; 2-\u00fches auto"},"content":{"rendered":"","protected":false},"excerpt":{"rendered":"<p>See multifunktsionaalne laste s\u00f5iduk pakub kahekordset l\u00f5bu &#8211; k\u00e4sitsi ja elektrilist s\u00f5itu! Ideaalne m\u00e4ngimiseks nii toas kui ka \u00f5ues, see on kerge, kokkupandav ja lihtne juhtida. Stabiilne konstruktsioon ja turvafunktsioonid tagavad lastele muretu ja p\u00f5neva s\u00f5idu.<\/p>\n","protected":false},"featured_media":12248,"comment_status":"closed","ping_status":"closed","template":"","meta":{"inline_featured_image":false},"product_brand":[],"product_cat":[25,27,24],"product_tag":[],"class_list":{"0":"post-12247","1":"product","2":"type-product","3":"status-publish","4":"has-post-thumbnail","6":"product_cat-car","7":"product_cat-home","8":"product_cat-sale","10":"first","11":"instock","12":"sale","13":"taxable","14":"shipping-taxable","15":"purchasable","16":"product-type-variable"},"acf":[],"_links":{"self":[{"href":"https:\/\/linoexpress.com\/ee\/wp-json\/wp\/v2\/product\/12247","targetHints":{"allow":["GET"]}}],"collection":[{"href":"https:\/\/linoexpress.com\/ee\/wp-json\/wp\/v2\/product"}],"about":[{"href":"https:\/\/linoexpress.com\/ee\/wp-json\/wp\/v2\/types\/product"}],"replies":[{"embeddable":true,"href":"https:\/\/linoexpress.com\/ee\/wp-json\/wp\/v2\/comments?post=12247"}],"wp:featuredmedia":[{"embeddable":true,"href":"https:\/\/linoexpress.com\/ee\/wp-json\/wp\/v2\/media\/12248"}],"wp:attachment":[{"href":"https:\/\/linoexpress.com\/ee\/wp-json\/wp\/v2\/media?parent=12247"}],"wp:term":[{"taxonomy":"product_brand","embeddable":true,"href":"https:\/\/linoexpress.com\/ee\/wp-json\/wp\/v2\/product_brand?post=12247"},{"taxonomy":"product_cat","embeddable":true,"href":"https:\/\/linoexpress.com\/ee\/wp-json\/wp\/v2\/product_cat?post=12247"},{"taxonomy":"product_tag","embeddable":true,"href":"https:\/\/linoexpress.com\/ee\/wp-json\/wp\/v2\/product_tag?post=12247"}],"curies":[{"name":"wp","href":"https:\/\/api.w.org\/{rel}","templated":true}]}}