{"id":12259,"date":"2026-01-04T21:10:00","date_gmt":"2026-01-04T20:10:00","guid":{"rendered":"https:\/\/linoexpress.com\/ee\/proizvod\/catch-product\/"},"modified":"2026-03-11T01:12:22","modified_gmt":"2026-03-11T00:12:22","slug":"humaanne-mitmekordne-loks-narilistele","status":"publish","type":"product","link":"https:\/\/linoexpress.com\/ee\/proizvod\/humaanne-mitmekordne-loks-narilistele\/","title":{"rendered":"Humaanne mitmekordne l\u00f5ks n\u00e4rilistele"},"content":{"rendered":"","protected":false},"excerpt":{"rendered":"<p>Humaanne mitmekordne n\u00e4riliste l\u00f5ks v\u00f5imaldab hiirte ja teiste v\u00e4iksemate n\u00e4riliste ohutut p\u00fc\u00fcdmist ilma vigastuste ja tapmiseta. Valmistatud kvaliteetsest tsingitud terasest, sobib sise- ja v\u00e4listingimustes kasutamiseks. Ideaalne lahendus k\u00f5igile, kes soovivad t\u00f5husat, eetilist ja pikaajalist n\u00e4riliste kontrolli.<\/p>\n","protected":false},"featured_media":12260,"comment_status":"closed","ping_status":"closed","template":"","meta":{"inline_featured_image":false},"product_brand":[],"product_cat":[25,27,26],"product_tag":[],"class_list":{"0":"post-12259","1":"product","2":"type-product","3":"status-publish","4":"has-post-thumbnail","6":"product_cat-car","7":"product_cat-home","8":"product_cat-tervis","10":"first","11":"instock","12":"sale","13":"taxable","14":"shipping-taxable","15":"purchasable","16":"product-type-simple"},"acf":[],"_links":{"self":[{"href":"https:\/\/linoexpress.com\/ee\/wp-json\/wp\/v2\/product\/12259","targetHints":{"allow":["GET"]}}],"collection":[{"href":"https:\/\/linoexpress.com\/ee\/wp-json\/wp\/v2\/product"}],"about":[{"href":"https:\/\/linoexpress.com\/ee\/wp-json\/wp\/v2\/types\/product"}],"replies":[{"embeddable":true,"href":"https:\/\/linoexpress.com\/ee\/wp-json\/wp\/v2\/comments?post=12259"}],"wp:featuredmedia":[{"embeddable":true,"href":"https:\/\/linoexpress.com\/ee\/wp-json\/wp\/v2\/media\/12260"}],"wp:attachment":[{"href":"https:\/\/linoexpress.com\/ee\/wp-json\/wp\/v2\/media?parent=12259"}],"wp:term":[{"taxonomy":"product_brand","embeddable":true,"href":"https:\/\/linoexpress.com\/ee\/wp-json\/wp\/v2\/product_brand?post=12259"},{"taxonomy":"product_cat","embeddable":true,"href":"https:\/\/linoexpress.com\/ee\/wp-json\/wp\/v2\/product_cat?post=12259"},{"taxonomy":"product_tag","embeddable":true,"href":"https:\/\/linoexpress.com\/ee\/wp-json\/wp\/v2\/product_tag?post=12259"}],"curies":[{"name":"wp","href":"https:\/\/api.w.org\/{rel}","templated":true}]}}