{"id":12275,"date":"2026-01-04T23:49:02","date_gmt":"2026-01-04T22:49:02","guid":{"rendered":"https:\/\/linoexpress.com\/ee\/proizvod\/cat135-product\/"},"modified":"2026-03-11T01:12:14","modified_gmt":"2026-03-11T00:12:14","slug":"kassi-kunstipusle-komplekt-135-puidust-tukiga","status":"publish","type":"product","link":"https:\/\/linoexpress.com\/ee\/proizvod\/kassi-kunstipusle-komplekt-135-puidust-tukiga\/","title":{"rendered":"Kassi kunstipusle \u2013 komplekt 135 puidust t\u00fckiga"},"content":{"rendered":"","protected":false},"excerpt":{"rendered":"<p>Kassikunsti pusle 135 puidust osaga toob kaasa \u00f5rnad pastelsed toonid ja ainulaadse kassi kuju, mis pakub erilist kokkupanemise kogemust. Iga osa on erineva kujuga, mis muudab kokkupanemise huvitavaks, v\u00e4ljakutsuvaks ja samal ajal l\u00f5\u00f5gastavaks. P\u00e4rast kokkupanemist muutub pusle dekoratiivseks detailiks, mis toob ruumi soojust.<\/p>\n","protected":false},"featured_media":12276,"comment_status":"closed","ping_status":"closed","template":"","meta":{"inline_featured_image":false},"product_brand":[],"product_cat":[25,27,24],"product_tag":[],"class_list":{"0":"post-12275","1":"product","2":"type-product","3":"status-publish","4":"has-post-thumbnail","6":"product_cat-car","7":"product_cat-home","8":"product_cat-sale","10":"first","11":"instock","12":"sale","13":"taxable","14":"shipping-taxable","15":"purchasable","16":"product-type-simple"},"acf":[],"_links":{"self":[{"href":"https:\/\/linoexpress.com\/ee\/wp-json\/wp\/v2\/product\/12275","targetHints":{"allow":["GET"]}}],"collection":[{"href":"https:\/\/linoexpress.com\/ee\/wp-json\/wp\/v2\/product"}],"about":[{"href":"https:\/\/linoexpress.com\/ee\/wp-json\/wp\/v2\/types\/product"}],"replies":[{"embeddable":true,"href":"https:\/\/linoexpress.com\/ee\/wp-json\/wp\/v2\/comments?post=12275"}],"wp:featuredmedia":[{"embeddable":true,"href":"https:\/\/linoexpress.com\/ee\/wp-json\/wp\/v2\/media\/12276"}],"wp:attachment":[{"href":"https:\/\/linoexpress.com\/ee\/wp-json\/wp\/v2\/media?parent=12275"}],"wp:term":[{"taxonomy":"product_brand","embeddable":true,"href":"https:\/\/linoexpress.com\/ee\/wp-json\/wp\/v2\/product_brand?post=12275"},{"taxonomy":"product_cat","embeddable":true,"href":"https:\/\/linoexpress.com\/ee\/wp-json\/wp\/v2\/product_cat?post=12275"},{"taxonomy":"product_tag","embeddable":true,"href":"https:\/\/linoexpress.com\/ee\/wp-json\/wp\/v2\/product_tag?post=12275"}],"curies":[{"name":"wp","href":"https:\/\/api.w.org\/{rel}","templated":true}]}}