{"id":12289,"date":"2026-01-05T01:58:55","date_gmt":"2026-01-05T00:58:55","guid":{"rendered":"https:\/\/linoexpress.com\/ee\/proizvod\/bfly-product\/"},"modified":"2026-03-11T01:12:07","modified_gmt":"2026-03-11T00:12:07","slug":"komplekt-kaelakee-ja-kaevoru-maagilised-liblikad","status":"publish","type":"product","link":"https:\/\/linoexpress.com\/ee\/proizvod\/komplekt-kaelakee-ja-kaevoru-maagilised-liblikad\/","title":{"rendered":"Komplekt kaelakee ja k\u00e4ev\u00f5ru Maagilised liblikad"},"content":{"rendered":"","protected":false},"excerpt":{"rendered":"<p>See lummav komplekt sisaldab kaelakeed ja k\u00e4ev\u00f5ru siniste liblikatega, mis helendavad \u00f5rnalt pimedas. See on ideaalne erilisteks puhkudeks v\u00f5i igap\u00e4evaseks kandmiseks, lisades teie v\u00e4limusele maagia ja elegantsi puudutuse. Kerge ja mugav, see kannab endas vaikset v\u00f5lu, mis ei j\u00e4\u00e4 kunagi m\u00e4rkamata.<\/p>\n","protected":false},"featured_media":12290,"comment_status":"closed","ping_status":"closed","template":"","meta":{"inline_featured_image":false},"product_brand":[],"product_cat":[25,28,35,26],"product_tag":[],"class_list":{"0":"post-12289","1":"product","2":"type-product","3":"status-publish","4":"has-post-thumbnail","6":"product_cat-car","7":"product_cat-beauty","8":"product_cat-fun","9":"product_cat-tervis","11":"first","12":"instock","13":"sale","14":"taxable","15":"shipping-taxable","16":"purchasable","17":"product-type-simple"},"acf":[],"_links":{"self":[{"href":"https:\/\/linoexpress.com\/ee\/wp-json\/wp\/v2\/product\/12289","targetHints":{"allow":["GET"]}}],"collection":[{"href":"https:\/\/linoexpress.com\/ee\/wp-json\/wp\/v2\/product"}],"about":[{"href":"https:\/\/linoexpress.com\/ee\/wp-json\/wp\/v2\/types\/product"}],"replies":[{"embeddable":true,"href":"https:\/\/linoexpress.com\/ee\/wp-json\/wp\/v2\/comments?post=12289"}],"wp:featuredmedia":[{"embeddable":true,"href":"https:\/\/linoexpress.com\/ee\/wp-json\/wp\/v2\/media\/12290"}],"wp:attachment":[{"href":"https:\/\/linoexpress.com\/ee\/wp-json\/wp\/v2\/media?parent=12289"}],"wp:term":[{"taxonomy":"product_brand","embeddable":true,"href":"https:\/\/linoexpress.com\/ee\/wp-json\/wp\/v2\/product_brand?post=12289"},{"taxonomy":"product_cat","embeddable":true,"href":"https:\/\/linoexpress.com\/ee\/wp-json\/wp\/v2\/product_cat?post=12289"},{"taxonomy":"product_tag","embeddable":true,"href":"https:\/\/linoexpress.com\/ee\/wp-json\/wp\/v2\/product_tag?post=12289"}],"curies":[{"name":"wp","href":"https:\/\/api.w.org\/{rel}","templated":true}]}}