{"id":12325,"date":"2026-01-19T11:55:44","date_gmt":"2026-01-19T10:55:44","guid":{"rendered":"https:\/\/linoexpress.com\/ee\/proizvod\/batpmp-product\/"},"modified":"2026-03-11T01:11:56","modified_gmt":"2026-03-11T00:11:56","slug":"kaasaskantav-voolik-koos-pumbaga","status":"publish","type":"product","link":"https:\/\/linoexpress.com\/ee\/proizvod\/kaasaskantav-voolik-koos-pumbaga\/","title":{"rendered":"Kaasaskantav voolik koos pumbaga"},"content":{"rendered":"","protected":false},"excerpt":{"rendered":"<p>Kaasaskantav patareipump v\u00f5imaldab kiiret, puhast ja ohutut vedelike \u00fclekandmist ilma raskete t\u00f5stmisteta. T\u00f6\u00f6tab patareidega ja on lihtne kasutada \u00fche k\u00e4ega, mis teeb selle ideaalseks k\u00fctuse, vee ja muude vedelike jaoks. T\u00e4iuslik koduseks, professionaalseks ja h\u00e4daolukordadeks kasutamiseks.<\/p>\n","protected":false},"featured_media":12326,"comment_status":"closed","ping_status":"closed","template":"","meta":{"inline_featured_image":false},"product_brand":[],"product_cat":[25,27],"product_tag":[],"class_list":{"0":"post-12325","1":"product","2":"type-product","3":"status-publish","4":"has-post-thumbnail","6":"product_cat-car","7":"product_cat-home","9":"first","10":"instock","11":"sale","12":"taxable","13":"shipping-taxable","14":"purchasable","15":"product-type-simple"},"acf":[],"_links":{"self":[{"href":"https:\/\/linoexpress.com\/ee\/wp-json\/wp\/v2\/product\/12325","targetHints":{"allow":["GET"]}}],"collection":[{"href":"https:\/\/linoexpress.com\/ee\/wp-json\/wp\/v2\/product"}],"about":[{"href":"https:\/\/linoexpress.com\/ee\/wp-json\/wp\/v2\/types\/product"}],"replies":[{"embeddable":true,"href":"https:\/\/linoexpress.com\/ee\/wp-json\/wp\/v2\/comments?post=12325"}],"wp:featuredmedia":[{"embeddable":true,"href":"https:\/\/linoexpress.com\/ee\/wp-json\/wp\/v2\/media\/12326"}],"wp:attachment":[{"href":"https:\/\/linoexpress.com\/ee\/wp-json\/wp\/v2\/media?parent=12325"}],"wp:term":[{"taxonomy":"product_brand","embeddable":true,"href":"https:\/\/linoexpress.com\/ee\/wp-json\/wp\/v2\/product_brand?post=12325"},{"taxonomy":"product_cat","embeddable":true,"href":"https:\/\/linoexpress.com\/ee\/wp-json\/wp\/v2\/product_cat?post=12325"},{"taxonomy":"product_tag","embeddable":true,"href":"https:\/\/linoexpress.com\/ee\/wp-json\/wp\/v2\/product_tag?post=12325"}],"curies":[{"name":"wp","href":"https:\/\/api.w.org\/{rel}","templated":true}]}}