{"id":12337,"date":"2026-01-19T20:56:54","date_gmt":"2026-01-19T19:56:54","guid":{"rendered":"https:\/\/linoexpress.com\/ee\/proizvod\/hood-product\/"},"modified":"2026-03-11T01:11:47","modified_gmt":"2026-03-11T00:11:47","slug":"mitmeotstarbeline-voimas-ventilaator","status":"publish","type":"product","link":"https:\/\/linoexpress.com\/ee\/proizvod\/mitmeotstarbeline-voimas-ventilaator\/","title":{"rendered":"Mitmeotstarbeline v\u00f5imas ventilaator"},"content":{"rendered":"","protected":false},"excerpt":{"rendered":"<p>See mitmeotstarbeline v\u00e4ljat\u00f5mbeventilaator tagab tugeva \u00f5huvoolu erakordselt vaikse t\u00f6\u00f6ga. Eemaldab t\u00f5husalt niiskuse, l\u00f5hnad ja suitsu, parandades \u00f5hukvaliteeti igas ruumis. Ideaalne k\u00f6\u00f6kidesse, vannitubadesse, kontoritesse ja \u00e4riruumidesse.<\/p>\n","protected":false},"featured_media":12338,"comment_status":"closed","ping_status":"closed","template":"","meta":{"inline_featured_image":false},"product_brand":[],"product_cat":[25,27,24],"product_tag":[],"class_list":{"0":"post-12337","1":"product","2":"type-product","3":"status-publish","4":"has-post-thumbnail","6":"product_cat-car","7":"product_cat-home","8":"product_cat-sale","10":"first","11":"instock","12":"sale","13":"taxable","14":"shipping-taxable","15":"purchasable","16":"product-type-simple"},"acf":[],"_links":{"self":[{"href":"https:\/\/linoexpress.com\/ee\/wp-json\/wp\/v2\/product\/12337","targetHints":{"allow":["GET"]}}],"collection":[{"href":"https:\/\/linoexpress.com\/ee\/wp-json\/wp\/v2\/product"}],"about":[{"href":"https:\/\/linoexpress.com\/ee\/wp-json\/wp\/v2\/types\/product"}],"replies":[{"embeddable":true,"href":"https:\/\/linoexpress.com\/ee\/wp-json\/wp\/v2\/comments?post=12337"}],"wp:featuredmedia":[{"embeddable":true,"href":"https:\/\/linoexpress.com\/ee\/wp-json\/wp\/v2\/media\/12338"}],"wp:attachment":[{"href":"https:\/\/linoexpress.com\/ee\/wp-json\/wp\/v2\/media?parent=12337"}],"wp:term":[{"taxonomy":"product_brand","embeddable":true,"href":"https:\/\/linoexpress.com\/ee\/wp-json\/wp\/v2\/product_brand?post=12337"},{"taxonomy":"product_cat","embeddable":true,"href":"https:\/\/linoexpress.com\/ee\/wp-json\/wp\/v2\/product_cat?post=12337"},{"taxonomy":"product_tag","embeddable":true,"href":"https:\/\/linoexpress.com\/ee\/wp-json\/wp\/v2\/product_tag?post=12337"}],"curies":[{"name":"wp","href":"https:\/\/api.w.org\/{rel}","templated":true}]}}