{"id":12350,"date":"2026-01-19T23:36:35","date_gmt":"2026-01-19T22:36:35","guid":{"rendered":"https:\/\/linoexpress.com\/ee\/proizvod\/pants-product\/"},"modified":"2026-03-11T01:11:33","modified_gmt":"2026-03-11T00:11:33","slug":"hull-aiamang-granny-pants","status":"publish","type":"product","link":"https:\/\/linoexpress.com\/ee\/proizvod\/hull-aiamang-granny-pants\/","title":{"rendered":"Hull aiam\u00e4ng &#8211; Granny Pants"},"content":{"rendered":"","protected":false},"excerpt":{"rendered":"<p>Astuge unustamatule l\u00f5bule koos Granny Pantsiga, hullumeelse \u00f5uem\u00e4nguga, mis garanteerib naeru, liikumise ja seltskonna kogu perele ja s\u00f5pradele. Ideaalne \u00f5uedesse, grillipidudeks, s\u00fcnnip\u00e4evadeks, koolitegevusteks ja meeskonna\u00fcritusteks. Lihtne paigaldada, universaalse suurusega ja sobib igas vanuses, muutub kiiresti iga kogunemise peamiseks atraktsiooniks.<\/p>\n","protected":false},"featured_media":12351,"comment_status":"closed","ping_status":"closed","template":"","meta":{"inline_featured_image":false},"product_brand":[],"product_cat":[25,27,26],"product_tag":[],"class_list":{"0":"post-12350","1":"product","2":"type-product","3":"status-publish","4":"has-post-thumbnail","6":"product_cat-car","7":"product_cat-home","8":"product_cat-tervis","10":"first","11":"instock","12":"sale","13":"taxable","14":"shipping-taxable","15":"purchasable","16":"product-type-simple"},"acf":[],"_links":{"self":[{"href":"https:\/\/linoexpress.com\/ee\/wp-json\/wp\/v2\/product\/12350","targetHints":{"allow":["GET"]}}],"collection":[{"href":"https:\/\/linoexpress.com\/ee\/wp-json\/wp\/v2\/product"}],"about":[{"href":"https:\/\/linoexpress.com\/ee\/wp-json\/wp\/v2\/types\/product"}],"replies":[{"embeddable":true,"href":"https:\/\/linoexpress.com\/ee\/wp-json\/wp\/v2\/comments?post=12350"}],"wp:featuredmedia":[{"embeddable":true,"href":"https:\/\/linoexpress.com\/ee\/wp-json\/wp\/v2\/media\/12351"}],"wp:attachment":[{"href":"https:\/\/linoexpress.com\/ee\/wp-json\/wp\/v2\/media?parent=12350"}],"wp:term":[{"taxonomy":"product_brand","embeddable":true,"href":"https:\/\/linoexpress.com\/ee\/wp-json\/wp\/v2\/product_brand?post=12350"},{"taxonomy":"product_cat","embeddable":true,"href":"https:\/\/linoexpress.com\/ee\/wp-json\/wp\/v2\/product_cat?post=12350"},{"taxonomy":"product_tag","embeddable":true,"href":"https:\/\/linoexpress.com\/ee\/wp-json\/wp\/v2\/product_tag?post=12350"}],"curies":[{"name":"wp","href":"https:\/\/api.w.org\/{rel}","templated":true}]}}