{"id":12365,"date":"2026-01-20T00:43:51","date_gmt":"2026-01-19T23:43:51","guid":{"rendered":"https:\/\/linoexpress.com\/ee\/proizvod\/bref-product\/"},"modified":"2026-01-20T01:07:19","modified_gmt":"2026-01-20T00:07:19","slug":"reflekskuul-kiiruse-ja-koordinatsiooni-harjutamiseks","status":"publish","type":"product","link":"https:\/\/linoexpress.com\/ee\/proizvod\/reflekskuul-kiiruse-ja-koordinatsiooni-harjutamiseks\/","title":{"rendered":"Reflekskuul kiiruse ja koordinatsiooni harjutamiseks"},"content":{"rendered":"","protected":false},"excerpt":{"rendered":"<p>Refleksne poksikuul on praktiline treeningvahend kiiruse, fookuse ja k\u00e4e-silma koordinatsiooni parandamiseks. Ideaalne poksijatele, sportlastele ja harrastajatele igas vanuses, samuti koduseks treeninguks. Kerge, reguleeritav ja lihtne kasutada, v\u00f5imaldab t\u00f5husat treeningut k\u00f5ikjal, kus viibite.<\/p>\n","protected":false},"featured_media":12366,"comment_status":"closed","ping_status":"closed","template":"","meta":{"inline_featured_image":false},"product_brand":[],"product_cat":[25,27,26],"product_tag":[],"class_list":{"0":"post-12365","1":"product","2":"type-product","3":"status-publish","4":"has-post-thumbnail","6":"product_cat-car","7":"product_cat-home","8":"product_cat-tervis","10":"first","11":"instock","12":"sale","13":"taxable","14":"shipping-taxable","15":"purchasable","16":"product-type-simple"},"acf":[],"_links":{"self":[{"href":"https:\/\/linoexpress.com\/ee\/wp-json\/wp\/v2\/product\/12365","targetHints":{"allow":["GET"]}}],"collection":[{"href":"https:\/\/linoexpress.com\/ee\/wp-json\/wp\/v2\/product"}],"about":[{"href":"https:\/\/linoexpress.com\/ee\/wp-json\/wp\/v2\/types\/product"}],"replies":[{"embeddable":true,"href":"https:\/\/linoexpress.com\/ee\/wp-json\/wp\/v2\/comments?post=12365"}],"wp:featuredmedia":[{"embeddable":true,"href":"https:\/\/linoexpress.com\/ee\/wp-json\/wp\/v2\/media\/12366"}],"wp:attachment":[{"href":"https:\/\/linoexpress.com\/ee\/wp-json\/wp\/v2\/media?parent=12365"}],"wp:term":[{"taxonomy":"product_brand","embeddable":true,"href":"https:\/\/linoexpress.com\/ee\/wp-json\/wp\/v2\/product_brand?post=12365"},{"taxonomy":"product_cat","embeddable":true,"href":"https:\/\/linoexpress.com\/ee\/wp-json\/wp\/v2\/product_cat?post=12365"},{"taxonomy":"product_tag","embeddable":true,"href":"https:\/\/linoexpress.com\/ee\/wp-json\/wp\/v2\/product_tag?post=12365"}],"curies":[{"name":"wp","href":"https:\/\/api.w.org\/{rel}","templated":true}]}}