{"id":12390,"date":"2026-01-21T22:49:32","date_gmt":"2026-01-21T21:49:32","guid":{"rendered":"https:\/\/linoexpress.com\/ee\/proizvod\/catty-product\/"},"modified":"2026-03-11T01:11:22","modified_gmt":"2026-03-11T00:11:22","slug":"armas-robotkass-interaktiivne-lemmikloom","status":"publish","type":"product","link":"https:\/\/linoexpress.com\/ee\/proizvod\/armas-robotkass-interaktiivne-lemmikloom\/","title":{"rendered":"Armas robotkass &#8211; Interaktiivne lemmikloom"},"content":{"rendered":"","protected":false},"excerpt":{"rendered":"<p>See realistlik robotkass k\u00f5nnib, mj\u00e4ugub ja nurrub nagu p\u00e4ris, pakkudes lastele t\u00f5elise lemmiklooma tunnet. See on valmistatud pehmest, meeldivast materjalist, mis on m\u00e4ngimiseks ja kallistamiseks ohutu. See on ideaalne kujutlusv\u00f5ime arendamiseks, seltskonnaks ja pikaajaliseks l\u00f5buks ilma muretsemata p\u00e4ris looma eest hoolitsemise p\u00e4rast.<\/p>\n","protected":false},"featured_media":12391,"comment_status":"closed","ping_status":"closed","template":"","meta":{"inline_featured_image":false},"product_brand":[],"product_cat":[25,27,26],"product_tag":[],"class_list":{"0":"post-12390","1":"product","2":"type-product","3":"status-publish","4":"has-post-thumbnail","6":"product_cat-car","7":"product_cat-home","8":"product_cat-tervis","10":"first","11":"instock","12":"sale","13":"taxable","14":"shipping-taxable","15":"purchasable","16":"product-type-simple"},"acf":[],"_links":{"self":[{"href":"https:\/\/linoexpress.com\/ee\/wp-json\/wp\/v2\/product\/12390","targetHints":{"allow":["GET"]}}],"collection":[{"href":"https:\/\/linoexpress.com\/ee\/wp-json\/wp\/v2\/product"}],"about":[{"href":"https:\/\/linoexpress.com\/ee\/wp-json\/wp\/v2\/types\/product"}],"replies":[{"embeddable":true,"href":"https:\/\/linoexpress.com\/ee\/wp-json\/wp\/v2\/comments?post=12390"}],"wp:featuredmedia":[{"embeddable":true,"href":"https:\/\/linoexpress.com\/ee\/wp-json\/wp\/v2\/media\/12391"}],"wp:attachment":[{"href":"https:\/\/linoexpress.com\/ee\/wp-json\/wp\/v2\/media?parent=12390"}],"wp:term":[{"taxonomy":"product_brand","embeddable":true,"href":"https:\/\/linoexpress.com\/ee\/wp-json\/wp\/v2\/product_brand?post=12390"},{"taxonomy":"product_cat","embeddable":true,"href":"https:\/\/linoexpress.com\/ee\/wp-json\/wp\/v2\/product_cat?post=12390"},{"taxonomy":"product_tag","embeddable":true,"href":"https:\/\/linoexpress.com\/ee\/wp-json\/wp\/v2\/product_tag?post=12390"}],"curies":[{"name":"wp","href":"https:\/\/api.w.org\/{rel}","templated":true}]}}