{"id":12450,"date":"2026-02-04T10:17:49","date_gmt":"2026-02-04T09:17:49","guid":{"rendered":"https:\/\/linoexpress.com\/ee\/proizvod\/rfid-product\/"},"modified":"2026-03-11T01:11:14","modified_gmt":"2026-03-11T00:11:14","slug":"ookapp-peidetud-turvaruumiga","status":"publish","type":"product","link":"https:\/\/linoexpress.com\/ee\/proizvod\/ookapp-peidetud-turvaruumiga\/","title":{"rendered":"\u00d6\u00f6kapp peidetud turvaruumiga"},"content":{"rendered":"","protected":false},"excerpt":{"rendered":"<p>See \u00f6\u00f6kapp toob teie koju t\u00e4iusliku elegantsi ja diskreetse kaitse kombinatsiooni. Lihtsa, kaasaegse v\u00e4limuse taga peitub nutikalt peidetud ruum RFID-lukustusega, mis on m\u00f5eldud v\u00e4\u00e4rtuslike esemete turvaliseks hoidmiseks. See on ideaalne k\u00f5igile, kes soovivad korras ruumi, kuid ka lisaturvatunnet.<\/p>\n","protected":false},"featured_media":12451,"comment_status":"closed","ping_status":"closed","template":"","meta":{"inline_featured_image":false},"product_brand":[],"product_cat":[25,27,26],"product_tag":[],"class_list":{"0":"post-12450","1":"product","2":"type-product","3":"status-publish","4":"has-post-thumbnail","6":"product_cat-car","7":"product_cat-home","8":"product_cat-tervis","10":"first","11":"instock","12":"sale","13":"taxable","14":"shipping-taxable","15":"purchasable","16":"product-type-simple"},"acf":[],"_links":{"self":[{"href":"https:\/\/linoexpress.com\/ee\/wp-json\/wp\/v2\/product\/12450","targetHints":{"allow":["GET"]}}],"collection":[{"href":"https:\/\/linoexpress.com\/ee\/wp-json\/wp\/v2\/product"}],"about":[{"href":"https:\/\/linoexpress.com\/ee\/wp-json\/wp\/v2\/types\/product"}],"replies":[{"embeddable":true,"href":"https:\/\/linoexpress.com\/ee\/wp-json\/wp\/v2\/comments?post=12450"}],"wp:featuredmedia":[{"embeddable":true,"href":"https:\/\/linoexpress.com\/ee\/wp-json\/wp\/v2\/media\/12451"}],"wp:attachment":[{"href":"https:\/\/linoexpress.com\/ee\/wp-json\/wp\/v2\/media?parent=12450"}],"wp:term":[{"taxonomy":"product_brand","embeddable":true,"href":"https:\/\/linoexpress.com\/ee\/wp-json\/wp\/v2\/product_brand?post=12450"},{"taxonomy":"product_cat","embeddable":true,"href":"https:\/\/linoexpress.com\/ee\/wp-json\/wp\/v2\/product_cat?post=12450"},{"taxonomy":"product_tag","embeddable":true,"href":"https:\/\/linoexpress.com\/ee\/wp-json\/wp\/v2\/product_tag?post=12450"}],"curies":[{"name":"wp","href":"https:\/\/api.w.org\/{rel}","templated":true}]}}