{"id":12465,"date":"2026-02-05T20:10:53","date_gmt":"2026-02-05T19:10:53","guid":{"rendered":"https:\/\/linoexpress.com\/ee\/proizvod\/matgnd-product\/"},"modified":"2026-03-11T01:11:04","modified_gmt":"2026-03-11T00:11:04","slug":"maandusmatt","status":"publish","type":"product","link":"https:\/\/linoexpress.com\/ee\/proizvod\/maandusmatt\/","title":{"rendered":"Maandusmatt"},"content":{"rendered":"","protected":false},"excerpt":{"rendered":"<p>Maandusmatt v\u00f5imaldab keha loomulikku \u00fchendamist maaga ja organismi elektrilise tasakaalu taastamist. Regulaarne kasutamine v\u00f5ib aidata kaasa paremale unele, stressi v\u00e4hendamisele ja lihaste ning liigeste valude leevendamisele. See on lihtne kasutada ja sobib koju, kontorisse v\u00f5i puhkusele.<\/p>\n","protected":false},"featured_media":12466,"comment_status":"closed","ping_status":"closed","template":"","meta":{"inline_featured_image":false},"product_brand":[],"product_cat":[25,27,35,24,26,15],"product_tag":[],"class_list":{"0":"post-12465","1":"product","2":"type-product","3":"status-publish","4":"has-post-thumbnail","6":"product_cat-car","7":"product_cat-home","8":"product_cat-fun","9":"product_cat-sale","10":"product_cat-tervis","11":"product_cat-uncategorized","13":"first","14":"instock","15":"sale","16":"taxable","17":"shipping-taxable","18":"purchasable","19":"product-type-simple"},"acf":[],"_links":{"self":[{"href":"https:\/\/linoexpress.com\/ee\/wp-json\/wp\/v2\/product\/12465","targetHints":{"allow":["GET"]}}],"collection":[{"href":"https:\/\/linoexpress.com\/ee\/wp-json\/wp\/v2\/product"}],"about":[{"href":"https:\/\/linoexpress.com\/ee\/wp-json\/wp\/v2\/types\/product"}],"replies":[{"embeddable":true,"href":"https:\/\/linoexpress.com\/ee\/wp-json\/wp\/v2\/comments?post=12465"}],"wp:featuredmedia":[{"embeddable":true,"href":"https:\/\/linoexpress.com\/ee\/wp-json\/wp\/v2\/media\/12466"}],"wp:attachment":[{"href":"https:\/\/linoexpress.com\/ee\/wp-json\/wp\/v2\/media?parent=12465"}],"wp:term":[{"taxonomy":"product_brand","embeddable":true,"href":"https:\/\/linoexpress.com\/ee\/wp-json\/wp\/v2\/product_brand?post=12465"},{"taxonomy":"product_cat","embeddable":true,"href":"https:\/\/linoexpress.com\/ee\/wp-json\/wp\/v2\/product_cat?post=12465"},{"taxonomy":"product_tag","embeddable":true,"href":"https:\/\/linoexpress.com\/ee\/wp-json\/wp\/v2\/product_tag?post=12465"}],"curies":[{"name":"wp","href":"https:\/\/api.w.org\/{rel}","templated":true}]}}