{"id":12482,"date":"2026-02-05T21:48:32","date_gmt":"2026-02-05T20:48:32","guid":{"rendered":"https:\/\/linoexpress.com\/ee\/proizvod\/strap-product\/"},"modified":"2026-03-11T01:10:55","modified_gmt":"2026-03-11T00:10:55","slug":"tosterihmad-randmekonksudega","status":"publish","type":"product","link":"https:\/\/linoexpress.com\/ee\/proizvod\/tosterihmad-randmekonksudega\/","title":{"rendered":"T\u00f5sterihmad randmekonksudega"},"content":{"rendered":"","protected":false},"excerpt":{"rendered":"<p>T\u00f5sterihmad pakuvad tugevat ja stabiilset tuge suurema koormusega treenimise ajal. Need aitavad liigutusi turvalisemalt sooritada ja v\u00e4hendavad k\u00e4te ja randmete koormust. Need on m\u00f5eldud k\u00f5igile, kes soovivad paremat kontrolli, tugevamat haaret ja t\u00f5husamat treeningut.<\/p>\n","protected":false},"featured_media":12483,"comment_status":"closed","ping_status":"closed","template":"","meta":{"inline_featured_image":false},"product_brand":[],"product_cat":[25,35,26,15],"product_tag":[],"class_list":{"0":"post-12482","1":"product","2":"type-product","3":"status-publish","4":"has-post-thumbnail","6":"product_cat-car","7":"product_cat-fun","8":"product_cat-tervis","9":"product_cat-uncategorized","11":"first","12":"instock","13":"sale","14":"taxable","15":"shipping-taxable","16":"purchasable","17":"product-type-simple"},"acf":[],"_links":{"self":[{"href":"https:\/\/linoexpress.com\/ee\/wp-json\/wp\/v2\/product\/12482","targetHints":{"allow":["GET"]}}],"collection":[{"href":"https:\/\/linoexpress.com\/ee\/wp-json\/wp\/v2\/product"}],"about":[{"href":"https:\/\/linoexpress.com\/ee\/wp-json\/wp\/v2\/types\/product"}],"replies":[{"embeddable":true,"href":"https:\/\/linoexpress.com\/ee\/wp-json\/wp\/v2\/comments?post=12482"}],"wp:featuredmedia":[{"embeddable":true,"href":"https:\/\/linoexpress.com\/ee\/wp-json\/wp\/v2\/media\/12483"}],"wp:attachment":[{"href":"https:\/\/linoexpress.com\/ee\/wp-json\/wp\/v2\/media?parent=12482"}],"wp:term":[{"taxonomy":"product_brand","embeddable":true,"href":"https:\/\/linoexpress.com\/ee\/wp-json\/wp\/v2\/product_brand?post=12482"},{"taxonomy":"product_cat","embeddable":true,"href":"https:\/\/linoexpress.com\/ee\/wp-json\/wp\/v2\/product_cat?post=12482"},{"taxonomy":"product_tag","embeddable":true,"href":"https:\/\/linoexpress.com\/ee\/wp-json\/wp\/v2\/product_tag?post=12482"}],"curies":[{"name":"wp","href":"https:\/\/api.w.org\/{rel}","templated":true}]}}