{"id":12530,"date":"2026-02-13T08:25:34","date_gmt":"2026-02-13T07:25:34","guid":{"rendered":"https:\/\/linoexpress.com\/ee\/proizvod\/shaver-product\/"},"modified":"2026-03-11T01:10:48","modified_gmt":"2026-03-11T00:10:48","slug":"mini-elektriline-pardel-tapseks-ja-kiireks-raseerimiseks","status":"publish","type":"product","link":"https:\/\/linoexpress.com\/ee\/proizvod\/mini-elektriline-pardel-tapseks-ja-kiireks-raseerimiseks\/","title":{"rendered":"Mini elektriline pardel t\u00e4pseks ja kiireks raseerimiseks"},"content":{"rendered":"","protected":false},"excerpt":{"rendered":"<p>Mini elektriline pardel v\u00f5imaldab kiiret, korralikku ja \u00fchtlast raseerimist ilma naha\u00e4rrituseta. T\u00e4nu v\u00f5imsale mootorile ja t\u00e4psetele teradele eemaldab see karvad kergesti ja ilma t\u00f5mbamiseta. Ideaalne igap\u00e4evaseks hoolitsetud v\u00e4limuse s\u00e4ilitamiseks kodus v\u00f5i liikvel olles.<\/p>\n","protected":false},"featured_media":12531,"comment_status":"closed","ping_status":"closed","template":"","meta":{"inline_featured_image":false},"product_brand":[],"product_cat":[25,27,24,26],"product_tag":[],"class_list":{"0":"post-12530","1":"product","2":"type-product","3":"status-publish","4":"has-post-thumbnail","6":"product_cat-car","7":"product_cat-home","8":"product_cat-sale","9":"product_cat-tervis","11":"first","12":"instock","13":"sale","14":"taxable","15":"shipping-taxable","16":"purchasable","17":"product-type-simple"},"acf":[],"_links":{"self":[{"href":"https:\/\/linoexpress.com\/ee\/wp-json\/wp\/v2\/product\/12530","targetHints":{"allow":["GET"]}}],"collection":[{"href":"https:\/\/linoexpress.com\/ee\/wp-json\/wp\/v2\/product"}],"about":[{"href":"https:\/\/linoexpress.com\/ee\/wp-json\/wp\/v2\/types\/product"}],"replies":[{"embeddable":true,"href":"https:\/\/linoexpress.com\/ee\/wp-json\/wp\/v2\/comments?post=12530"}],"wp:featuredmedia":[{"embeddable":true,"href":"https:\/\/linoexpress.com\/ee\/wp-json\/wp\/v2\/media\/12531"}],"wp:attachment":[{"href":"https:\/\/linoexpress.com\/ee\/wp-json\/wp\/v2\/media?parent=12530"}],"wp:term":[{"taxonomy":"product_brand","embeddable":true,"href":"https:\/\/linoexpress.com\/ee\/wp-json\/wp\/v2\/product_brand?post=12530"},{"taxonomy":"product_cat","embeddable":true,"href":"https:\/\/linoexpress.com\/ee\/wp-json\/wp\/v2\/product_cat?post=12530"},{"taxonomy":"product_tag","embeddable":true,"href":"https:\/\/linoexpress.com\/ee\/wp-json\/wp\/v2\/product_tag?post=12530"}],"curies":[{"name":"wp","href":"https:\/\/api.w.org\/{rel}","templated":true}]}}