{"id":12595,"date":"2026-03-16T11:21:43","date_gmt":"2026-03-16T10:21:43","guid":{"rendered":"https:\/\/linoexpress.com\/ee\/proizvod\/catty-puppy-product\/"},"modified":"2026-03-16T11:45:58","modified_gmt":"2026-03-16T10:45:58","slug":"nutikas-interaktiivne-lemmikloom-lastele-koer-voi-kass","status":"publish","type":"product","link":"https:\/\/linoexpress.com\/ee\/proizvod\/nutikas-interaktiivne-lemmikloom-lastele-koer-voi-kass\/","title":{"rendered":"Nutikas interaktiivne lemmikloom lastele &#8211; Koer v\u00f5i Kass"},"content":{"rendered":"","protected":false},"excerpt":{"rendered":"<p>Interaktiivne pehme m\u00e4nguasja toob lastele l\u00f5busa ja huvitava m\u00e4ngu l\u00e4bi liikumiste ja helide. Pehme materjal ja armas disain teevad sellest t\u00e4iusliku s\u00f5bra igap\u00e4evaseks seltsiks ja m\u00e4nguks. Saadaval on koera v\u00f5i kassi variandina, nii et iga laps saab valida oma lemmiklooma.<\/p>\n","protected":false},"featured_media":12596,"comment_status":"closed","ping_status":"closed","template":"","meta":{"inline_featured_image":false},"product_brand":[],"product_cat":[25,27,24,26],"product_tag":[],"class_list":{"0":"post-12595","1":"product","2":"type-product","3":"status-publish","4":"has-post-thumbnail","6":"product_cat-car","7":"product_cat-home","8":"product_cat-sale","9":"product_cat-tervis","11":"first","12":"instock","13":"sale","14":"taxable","15":"shipping-taxable","16":"purchasable","17":"product-type-variable"},"acf":[],"_links":{"self":[{"href":"https:\/\/linoexpress.com\/ee\/wp-json\/wp\/v2\/product\/12595","targetHints":{"allow":["GET"]}}],"collection":[{"href":"https:\/\/linoexpress.com\/ee\/wp-json\/wp\/v2\/product"}],"about":[{"href":"https:\/\/linoexpress.com\/ee\/wp-json\/wp\/v2\/types\/product"}],"replies":[{"embeddable":true,"href":"https:\/\/linoexpress.com\/ee\/wp-json\/wp\/v2\/comments?post=12595"}],"wp:featuredmedia":[{"embeddable":true,"href":"https:\/\/linoexpress.com\/ee\/wp-json\/wp\/v2\/media\/12596"}],"wp:attachment":[{"href":"https:\/\/linoexpress.com\/ee\/wp-json\/wp\/v2\/media?parent=12595"}],"wp:term":[{"taxonomy":"product_brand","embeddable":true,"href":"https:\/\/linoexpress.com\/ee\/wp-json\/wp\/v2\/product_brand?post=12595"},{"taxonomy":"product_cat","embeddable":true,"href":"https:\/\/linoexpress.com\/ee\/wp-json\/wp\/v2\/product_cat?post=12595"},{"taxonomy":"product_tag","embeddable":true,"href":"https:\/\/linoexpress.com\/ee\/wp-json\/wp\/v2\/product_tag?post=12595"}],"curies":[{"name":"wp","href":"https:\/\/api.w.org\/{rel}","templated":true}]}}