{"id":12619,"date":"2026-03-27T09:28:21","date_gmt":"2026-03-27T08:28:21","guid":{"rendered":"https:\/\/linoexpress.com\/ee\/proizvod\/reflexpro-product\/"},"modified":"2026-04-06T12:59:14","modified_gmt":"2026-04-06T10:59:14","slug":"kiirus-ja-joutreeningu-refleksikott","status":"publish","type":"product","link":"https:\/\/linoexpress.com\/ee\/proizvod\/kiirus-ja-joutreeningu-refleksikott\/","title":{"rendered":"Kiirus- ja j\u00f5utreeningu refleksikott"},"content":{"rendered":"","protected":false},"excerpt":{"rendered":"<p>Parandage oma reflekse, kiirust ja koordinatsiooni uuendusliku refleksikoti abil, mis on loodud maksimaalseks j\u00f5udluseks. T\u00e4nu stabiilsele vaakumalusele ja nutikale disainile v\u00f5imaldab see intensiivset treeningut ilma liikumise ja m\u00fcrata. Ideaalne koduseks kasutamiseks, j\u00f5usaali ja k\u00f5ikidele kasutajatasemetele, alates algajatest kuni professionaalideni.<\/p>\n","protected":false},"featured_media":12620,"comment_status":"closed","ping_status":"closed","template":"","meta":{"inline_featured_image":false},"product_brand":[],"product_cat":[25,27,24,15],"product_tag":[],"class_list":{"0":"post-12619","1":"product","2":"type-product","3":"status-publish","4":"has-post-thumbnail","6":"product_cat-car","7":"product_cat-home","8":"product_cat-sale","9":"product_cat-uncategorized","11":"first","12":"instock","13":"sale","14":"taxable","15":"shipping-taxable","16":"purchasable","17":"product-type-simple"},"acf":[],"_links":{"self":[{"href":"https:\/\/linoexpress.com\/ee\/wp-json\/wp\/v2\/product\/12619","targetHints":{"allow":["GET"]}}],"collection":[{"href":"https:\/\/linoexpress.com\/ee\/wp-json\/wp\/v2\/product"}],"about":[{"href":"https:\/\/linoexpress.com\/ee\/wp-json\/wp\/v2\/types\/product"}],"replies":[{"embeddable":true,"href":"https:\/\/linoexpress.com\/ee\/wp-json\/wp\/v2\/comments?post=12619"}],"wp:featuredmedia":[{"embeddable":true,"href":"https:\/\/linoexpress.com\/ee\/wp-json\/wp\/v2\/media\/12620"}],"wp:attachment":[{"href":"https:\/\/linoexpress.com\/ee\/wp-json\/wp\/v2\/media?parent=12619"}],"wp:term":[{"taxonomy":"product_brand","embeddable":true,"href":"https:\/\/linoexpress.com\/ee\/wp-json\/wp\/v2\/product_brand?post=12619"},{"taxonomy":"product_cat","embeddable":true,"href":"https:\/\/linoexpress.com\/ee\/wp-json\/wp\/v2\/product_cat?post=12619"},{"taxonomy":"product_tag","embeddable":true,"href":"https:\/\/linoexpress.com\/ee\/wp-json\/wp\/v2\/product_tag?post=12619"}],"curies":[{"name":"wp","href":"https:\/\/api.w.org\/{rel}","templated":true}]}}