{"id":12655,"date":"2026-04-24T00:10:47","date_gmt":"2026-04-23T22:10:47","guid":{"rendered":"https:\/\/linoexpress.com\/ee\/proizvod\/magicshelf-product\/"},"modified":"2026-04-24T00:49:17","modified_gmt":"2026-04-23T22:49:17","slug":"diskreetne-turvapolits","status":"publish","type":"product","link":"https:\/\/linoexpress.com\/ee\/proizvod\/diskreetne-turvapolits\/","title":{"rendered":"Diskreetne turvapolits"},"content":{"rendered":"","protected":false},"excerpt":{"rendered":"<p>Peida oma v\u00e4\u00e4rtuslikud esemed diskreetselt kohas, kus keegi neid ei oota \u2013 elegantses seinariiulis. Praktilisuse ja turvalisuse kombinatsioon v\u00f5imaldab teil ruumi organiseerida, kaitstes samal ajal seda, mis on teile k\u00f5ige olulisem. Moodne disain sobitub iga interj\u00f6\u00f6riga ja j\u00e4tab luksusliku ning nutika lahenduse mulje.<\/p>\n","protected":false},"featured_media":12656,"comment_status":"closed","ping_status":"closed","template":"","meta":{"inline_featured_image":false},"product_brand":[],"product_cat":[25,27,24,15],"product_tag":[],"class_list":{"0":"post-12655","1":"product","2":"type-product","3":"status-publish","4":"has-post-thumbnail","6":"product_cat-car","7":"product_cat-home","8":"product_cat-sale","9":"product_cat-uncategorized","11":"first","12":"instock","13":"sale","14":"taxable","15":"shipping-taxable","16":"purchasable","17":"product-type-simple"},"acf":[],"_links":{"self":[{"href":"https:\/\/linoexpress.com\/ee\/wp-json\/wp\/v2\/product\/12655","targetHints":{"allow":["GET"]}}],"collection":[{"href":"https:\/\/linoexpress.com\/ee\/wp-json\/wp\/v2\/product"}],"about":[{"href":"https:\/\/linoexpress.com\/ee\/wp-json\/wp\/v2\/types\/product"}],"replies":[{"embeddable":true,"href":"https:\/\/linoexpress.com\/ee\/wp-json\/wp\/v2\/comments?post=12655"}],"wp:featuredmedia":[{"embeddable":true,"href":"https:\/\/linoexpress.com\/ee\/wp-json\/wp\/v2\/media\/12656"}],"wp:attachment":[{"href":"https:\/\/linoexpress.com\/ee\/wp-json\/wp\/v2\/media?parent=12655"}],"wp:term":[{"taxonomy":"product_brand","embeddable":true,"href":"https:\/\/linoexpress.com\/ee\/wp-json\/wp\/v2\/product_brand?post=12655"},{"taxonomy":"product_cat","embeddable":true,"href":"https:\/\/linoexpress.com\/ee\/wp-json\/wp\/v2\/product_cat?post=12655"},{"taxonomy":"product_tag","embeddable":true,"href":"https:\/\/linoexpress.com\/ee\/wp-json\/wp\/v2\/product_tag?post=12655"}],"curies":[{"name":"wp","href":"https:\/\/api.w.org\/{rel}","templated":true}]}}