{"id":12672,"date":"2026-04-24T15:14:32","date_gmt":"2026-04-24T13:14:32","guid":{"rendered":"https:\/\/linoexpress.com\/ee\/proizvod\/vac60-product\/"},"modified":"2026-04-24T16:31:44","modified_gmt":"2026-04-24T14:31:44","slug":"kasitsi-turbo-puhasti","status":"publish","type":"product","link":"https:\/\/linoexpress.com\/ee\/proizvod\/kasitsi-turbo-puhasti\/","title":{"rendered":"K\u00e4sitsi turbo puhasti"},"content":{"rendered":"","protected":false},"excerpt":{"rendered":"<p>K\u00e4sitsi turbo puhastaja pakub v\u00f5imsat ja kiiret puhastust ilma juhtmete ja komplikatsioonideta. T\u00e4nu kompaktsele disainile ja tugevale imemisele eemaldab see kergesti tolmu ja mustuse ka k\u00f5ige raskemini ligip\u00e4\u00e4setavatest kohtadest. Ideaalne kodu ja auto jaoks &#8211; alati valmis, kui vajate.<\/p>\n","protected":false},"featured_media":12673,"comment_status":"closed","ping_status":"closed","template":"","meta":{"inline_featured_image":false},"product_brand":[],"product_cat":[25,27,24,26],"product_tag":[],"class_list":{"0":"post-12672","1":"product","2":"type-product","3":"status-publish","4":"has-post-thumbnail","6":"product_cat-car","7":"product_cat-home","8":"product_cat-sale","9":"product_cat-tervis","11":"first","12":"instock","13":"sale","14":"taxable","15":"shipping-taxable","16":"purchasable","17":"product-type-simple"},"acf":[],"_links":{"self":[{"href":"https:\/\/linoexpress.com\/ee\/wp-json\/wp\/v2\/product\/12672","targetHints":{"allow":["GET"]}}],"collection":[{"href":"https:\/\/linoexpress.com\/ee\/wp-json\/wp\/v2\/product"}],"about":[{"href":"https:\/\/linoexpress.com\/ee\/wp-json\/wp\/v2\/types\/product"}],"replies":[{"embeddable":true,"href":"https:\/\/linoexpress.com\/ee\/wp-json\/wp\/v2\/comments?post=12672"}],"wp:featuredmedia":[{"embeddable":true,"href":"https:\/\/linoexpress.com\/ee\/wp-json\/wp\/v2\/media\/12673"}],"wp:attachment":[{"href":"https:\/\/linoexpress.com\/ee\/wp-json\/wp\/v2\/media?parent=12672"}],"wp:term":[{"taxonomy":"product_brand","embeddable":true,"href":"https:\/\/linoexpress.com\/ee\/wp-json\/wp\/v2\/product_brand?post=12672"},{"taxonomy":"product_cat","embeddable":true,"href":"https:\/\/linoexpress.com\/ee\/wp-json\/wp\/v2\/product_cat?post=12672"},{"taxonomy":"product_tag","embeddable":true,"href":"https:\/\/linoexpress.com\/ee\/wp-json\/wp\/v2\/product_tag?post=12672"}],"curies":[{"name":"wp","href":"https:\/\/api.w.org\/{rel}","templated":true}]}}