{"id":100,"date":"2020-10-28T10:57:15","date_gmt":"2020-10-28T10:57:15","guid":{"rendered":"https:\/\/shopium.eu\/rs\/?page_id=100"},"modified":"2023-09-15T12:14:42","modified_gmt":"2023-09-15T10:14:42","slug":"terminos-y-condiciones","status":"publish","type":"page","link":"https:\/\/linoexpress.com\/es\/terminos-y-condiciones\/","title":{"rendered":"T\u00e9rminos y condiciones"},"content":{"rendered":"<p>t\u00e9rminos comerciales generales<\/p>\n<p>Linoexpress.com\/ (en adelante \u00abnosotros\u00bb, \u00abnos\u00bb, \u00abnuestro\u00bb, \u00abnuestro\u00bb, \u00abnuestro\u00bb, etc.) es una tienda online perteneciente a ECTCEU doo. (en adelante \u00abnosotros\u00bb, \u00abnos\u00bb, \u00abnuestro\u00bb, \u00abnuestro\u00bb, \u00abnuestro\u00bb, etc.), que opera de conformidad con la Ley de comercio electr\u00f3nico y todas las dem\u00e1s leyes y reglamentos aplicables de la Uni\u00f3n Europea. . Al visitar o realizar una compra en nuestra tienda online, aceptas los siguientes t\u00e9rminos de uso. Lea atentamente y familiar\u00edcese con las reglas que aplicamos. Nos reservamos el derecho de modificar estos T\u00e9rminos de uso sin previo aviso.<\/p>\n<p>Declaracion de privacidad<\/p>\n<p>En nombre de nuestra tienda online, nos comprometemos a proteger la privacidad de todos nuestros clientes de acuerdo con las disposiciones de la legislaci\u00f3n de la Uni\u00f3n Europea (GDPR) y las leyes locales. Solo recopilamos datos b\u00e1sicos y necesarios sobre clientes\/usuarios y datos necesarios para las operaciones comerciales e informar a los usuarios de acuerdo con buenas pr\u00e1cticas comerciales y brindando un servicio de calidad. Ofrecemos a los usuarios opciones, incluida la posibilidad de decidir si quieren ser eliminados de las listas de correo utilizadas en campa\u00f1as de marketing. Todos los datos de los usuarios\/clientes se conservan estrictamente y solo est\u00e1n disponibles para los empleados que necesitan los datos para realizar su trabajo. Todos nuestros empleados (y socios comerciales) son responsables de respetar los principios de privacidad.<\/p>\n<p>Precios<\/p>\n<p>Todos los precios de los productos que aparecen en la web incluyen el IVA. Nos comprometemos a respetar el precio al que se envi\u00f3 su pedido, independientemente de si el precio del producto ha cambiado desde que se cre\u00f3 el pedido. Sin embargo, nos reservamos el derecho de cancelar un pedido notificando al consumidor por correo electr\u00f3nico si ha habido un error grave en el precio en el sitio web. Cada cliente recibe una factura en formato electr\u00f3nico al realizar una compra en la direcci\u00f3n de correo electr\u00f3nico que especific\u00f3 al realizar el pedido.<\/p>\n<p>&nbsp;<\/p>\n<p>Entrega<\/p>\n<p>Todos los productos presentados en nuestra web se encuentran en nuestro almac\u00e9n. En el momento de la compra, el cliente est\u00e1 obligado a correr con los gastos de env\u00edo, excepto en el caso de productos individuales marcados: \u00abenv\u00edo incluido en el precio\u00bb o \u00abenv\u00edo gratuito\u00bb. Al realizar pedidos, utilizamos los servicios de las empresas de mensajer\u00eda Expedico. Tenemos un contrato firmado de cooperaci\u00f3n comercial con todos los servicios de mensajer\u00eda mencionados anteriormente. El plazo de entrega de los productos solicitados es de 2 a 5 d\u00edas laborables (debido a la situaci\u00f3n del COVID-19, el plazo de entrega puede ser ligeramente mayor). Entregamos los productos solicitados a la direcci\u00f3n especificada como direcci\u00f3n de entrega.<\/p>\n<p>&nbsp;<\/p>\n<p>Propiedad intelectual<\/p>\n<p>El contenido mostrado en este sitio web, como p\u00e1ginas, elementos de dise\u00f1o (botones, iconos, etc.), textos, fotograf\u00edas, logotipos, grabaciones de audio y software, son propiedad nuestra o de nuestros socios y no pueden utilizarse sin nuestro consentimiento previo. consentir. Si cree que el contenido de nuestro sitio web le pertenece y ha sido utilizado indebidamente, comun\u00edquese con nosotros para determinar la propiedad de la propiedad intelectual. Toda la informaci\u00f3n disponible en el sitio web es solo para fines informativos y no puede usarse con fines comerciales ni distribuirse a terceros.<\/p>\n<p>&nbsp;<\/p>\n<p>&nbsp;<\/p>\n<p>Comentarios, comunicaciones y otros contenidos dejados por los visitantes.<\/p>\n<p>Los visitantes pueden comentar productos y enviar mensajes a nuestra direcci\u00f3n de correo electr\u00f3nico. Tenemos derecho a no publicar comentarios que sean maliciosos, contengan declaraciones obscenas, difundan odio o de alguna manera amenacen los derechos de otras personas. Dichos comentarios ser\u00e1n eliminados sin previo aviso. No se permite la suplantaci\u00f3n y el registro con la direcci\u00f3n de correo electr\u00f3nico de otra persona. Podemos iniciar los procedimientos legales adecuados contra tales acciones.<\/p>\n<p>&nbsp;<\/p>\n<p>Descripciones de productos.<\/p>\n<p>Es de nuestro inter\u00e9s describir todos los productos con la mayor precisi\u00f3n posible. Sin embargo, no garantizamos que la informaci\u00f3n proporcionada sobre el producto sea precisa, completa, confiable o est\u00e9 libre de errores. Si el producto comprado difiere de la descripci\u00f3n indicada en el sitio web, el comerciante tiene derecho a devolverlo sin da\u00f1os junto con todo el equipo adicional que se entreg\u00f3 con \u00e9l, y le reembolsaremos el dinero.<\/p>\n<p>&nbsp;<\/p>\n<p>Horas laborales<\/p>\n<p>Trabajamos de 9 am a 5 pm, 5 d\u00edas a la semana (lunes, martes, mi\u00e9rcoles, jueves, viernes). En caso de problemas t\u00e9cnicos o de mantenimiento peri\u00f3dico, es posible que el sitio web no est\u00e9 disponible durante un breve periodo de tiempo, del cual le informaremos con antelaci\u00f3n.<\/p>\n<p>&nbsp;<\/p>\n<p>Cambiar (actualizar) datos en el sitio web<\/p>\n<p>Nos reservamos el derecho de cambiar la informaci\u00f3n mostrada en cualquier p\u00e1gina del sitio web en cualquier momento, sin previo aviso. Los visitantes del sitio web no tienen derecho a cambiar unilateralmente los t\u00e9rminos de uso y cualquier cambio es nulo a menos que ambas partes lo acuerden por escrito.<\/p>\n<p>&nbsp;<\/p>\n<p>Informaci\u00f3n adicional<\/p>\n<p>La imposibilidad o ilegalidad parcial o total de determinadas disposiciones de estas Condiciones de Uso no afectar\u00e1 la validez de las dem\u00e1s disposiciones, las cuales seguir\u00e1n vigentes en su conjunto. Una disposici\u00f3n inadecuada o ilegal ser\u00e1 sustituida por otra disposici\u00f3n adecuada. Usted acepta no ceder sus derechos y obligaciones bajo estos T\u00e9rminos de uso a un tercero sin nuestro consentimiento expreso por escrito.<\/p>\n","protected":false},"excerpt":{"rendered":"<p>t\u00e9rminos comerciales generales Linoexpress.com\/ (en adelante \u00abnosotros\u00bb, \u00abnos\u00bb, \u00abnuestro\u00bb, \u00abnuestro\u00bb, \u00abnuestro\u00bb, etc.) es una tienda online perteneciente a ECTCEU doo. (en adelante \u00abnosotros\u00bb, \u00abnos\u00bb, \u00abnuestro\u00bb, \u00abnuestro\u00bb, \u00abnuestro\u00bb, etc.), que opera de conformidad con la Ley de comercio electr\u00f3nico y todas las dem\u00e1s leyes y reglamentos aplicables de la Uni\u00f3n Europea. . Al visitar o realizar &hellip; <a href=\"https:\/\/linoexpress.com\/es\/terminos-y-condiciones\/\">Continued<\/a><\/p>\n","protected":false},"author":1,"featured_media":0,"parent":0,"menu_order":0,"comment_status":"closed","ping_status":"closed","template":"","meta":{"inline_featured_image":false,"footnotes":""},"class_list":["post-100","page","type-page","status-publish","hentry"],"acf":[],"_links":{"self":[{"href":"https:\/\/linoexpress.com\/es\/wp-json\/wp\/v2\/pages\/100","targetHints":{"allow":["GET"]}}],"collection":[{"href":"https:\/\/linoexpress.com\/es\/wp-json\/wp\/v2\/pages"}],"about":[{"href":"https:\/\/linoexpress.com\/es\/wp-json\/wp\/v2\/types\/page"}],"author":[{"embeddable":true,"href":"https:\/\/linoexpress.com\/es\/wp-json\/wp\/v2\/users\/1"}],"replies":[{"embeddable":true,"href":"https:\/\/linoexpress.com\/es\/wp-json\/wp\/v2\/comments?post=100"}],"version-history":[{"count":12,"href":"https:\/\/linoexpress.com\/es\/wp-json\/wp\/v2\/pages\/100\/revisions"}],"predecessor-version":[{"id":10611,"href":"https:\/\/linoexpress.com\/es\/wp-json\/wp\/v2\/pages\/100\/revisions\/10611"}],"wp:attachment":[{"href":"https:\/\/linoexpress.com\/es\/wp-json\/wp\/v2\/media?parent=100"}],"curies":[{"name":"wp","href":"https:\/\/api.w.org\/{rel}","templated":true}]}}