{"id":102,"date":"2020-10-28T10:57:38","date_gmt":"2020-10-28T10:57:38","guid":{"rendered":"https:\/\/shopium.eu\/rs\/?page_id=102"},"modified":"2023-09-15T12:17:47","modified_gmt":"2023-09-15T10:17:47","slug":"reclamaciones-e-intercambio-de-mercancias","status":"publish","type":"page","link":"https:\/\/linoexpress.com\/es\/reclamaciones-e-intercambio-de-mercancias\/","title":{"rendered":"Reclamaciones e intercambio de mercanc\u00edas."},"content":{"rendered":"<p>QUEJAS E INTERCAMBIO DE MERCANC\u00cdAS<br \/>\nQuejas<br \/>\nEn caso de cualquier queja sobre el producto o nuestros servicios, p\u00f3ngase en contacto con nosotros (es@linoexpress.com). Puede estar seguro de que estamos preparados y capaces de solucionar cualquier situaci\u00f3n que se presente. Los productos que entran en contacto directo con la piel, los dientes o las partes \u00edntimas del cuerpo no est\u00e1n sujetos a reclamaciones. \u00a1Los productos que muestren claros signos de uso tampoco est\u00e1n sujetos a devoluciones!<\/p>\n<p>Reembolso o cambio de producto<br \/>\nDentro de los 14 d\u00edas posteriores a la compra del producto, el comerciante tiene la oportunidad de cambiar los bienes adquiridos. Puedes cambiar el producto por otro o solicitar un reembolso.<br \/>\nEl producto no debe estar da\u00f1ado y debe devolverse en su embalaje original y sin da\u00f1os junto con todos los accesorios suministrados. De lo contrario, la reclamaci\u00f3n ser\u00e1 rechazada o aceptada s\u00f3lo parcialmente.<br \/>\nEn el plazo de 14 d\u00edas desde la recepci\u00f3n del env\u00edo, el comerciante podr\u00e1 notificarnos por escrito mediante correo electr\u00f3nico (es@linoexpress.com) su desistimiento del contrato y facilitarnos sus datos y n\u00famero de env\u00edo o enviarnos la factura electr\u00f3nica recibida al e -direcci\u00f3n de correo electr\u00f3nico facilitada al realizar la compra, para que podamos identificar el pedido. Mientras tanto, puede completar un formulario aqu\u00ed y enviar el producto a nuestra direcci\u00f3n dentro de los 14 d\u00edas: (se le proporcionar\u00e1n las direcciones)<\/p>\n<p>ECTCEU d.o.o., Kamni\u0161ka cesta 24, 1235 Radomlje, Eslovenia<\/p>\n<p>Direcci\u00f3n de correo electr\u00f3nico en caso de reclamaci\u00f3n o intercambio:\u00a0es@linoexpress.com<\/p>\n<p>\u00a1El dinero ser\u00e1 reembolsado despu\u00e9s de recibir el env\u00edo de devoluci\u00f3n!<br \/>\nFormulario de cambio de producto: https:\/\/bit.ly\/<br \/>\nFormulario de devoluci\u00f3n: https:\/\/bitly\/<br \/>\nComentarios:<br \/>\nLos gastos de env\u00edo corren a cargo del remitente. \u00a1No aceptamos pago contra reembolso! Si no completa el formulario de desistimiento del contrato dentro de los 14 d\u00edas posteriores a la recepci\u00f3n del env\u00edo, \u00a1no ser\u00e1 posible realizar un reembolso o cambiar los productos! El producto ser\u00e1 reemplazado o se le reembolsar\u00e1 su dinero dentro de los 8 d\u00edas h\u00e1biles posteriores a la recepci\u00f3n del paquete.<\/p>\n","protected":false},"excerpt":{"rendered":"<p>QUEJAS E INTERCAMBIO DE MERCANC\u00cdAS Quejas En caso de cualquier queja sobre el producto o nuestros servicios, p\u00f3ngase en contacto con nosotros (es@linoexpress.com). Puede estar seguro de que estamos preparados y capaces de solucionar cualquier situaci\u00f3n que se presente. Los productos que entran en contacto directo con la piel, los dientes o las partes \u00edntimas &hellip; <a href=\"https:\/\/linoexpress.com\/es\/reclamaciones-e-intercambio-de-mercancias\/\">Continued<\/a><\/p>\n","protected":false},"author":1,"featured_media":0,"parent":0,"menu_order":0,"comment_status":"closed","ping_status":"closed","template":"","meta":{"inline_featured_image":false,"footnotes":""},"class_list":["post-102","page","type-page","status-publish","hentry"],"acf":[],"_links":{"self":[{"href":"https:\/\/linoexpress.com\/es\/wp-json\/wp\/v2\/pages\/102","targetHints":{"allow":["GET"]}}],"collection":[{"href":"https:\/\/linoexpress.com\/es\/wp-json\/wp\/v2\/pages"}],"about":[{"href":"https:\/\/linoexpress.com\/es\/wp-json\/wp\/v2\/types\/page"}],"author":[{"embeddable":true,"href":"https:\/\/linoexpress.com\/es\/wp-json\/wp\/v2\/users\/1"}],"replies":[{"embeddable":true,"href":"https:\/\/linoexpress.com\/es\/wp-json\/wp\/v2\/comments?post=102"}],"version-history":[{"count":8,"href":"https:\/\/linoexpress.com\/es\/wp-json\/wp\/v2\/pages\/102\/revisions"}],"predecessor-version":[{"id":10613,"href":"https:\/\/linoexpress.com\/es\/wp-json\/wp\/v2\/pages\/102\/revisions\/10613"}],"wp:attachment":[{"href":"https:\/\/linoexpress.com\/es\/wp-json\/wp\/v2\/media?parent=102"}],"curies":[{"name":"wp","href":"https:\/\/api.w.org\/{rel}","templated":true}]}}