{"id":104,"date":"2020-10-28T10:57:46","date_gmt":"2020-10-28T10:57:46","guid":{"rendered":"https:\/\/shopium.eu\/rs\/?page_id=104"},"modified":"2023-09-15T12:20:14","modified_gmt":"2023-09-15T10:20:14","slug":"sobre-nosotros","status":"publish","type":"page","link":"https:\/\/linoexpress.com\/es\/sobre-nosotros\/","title":{"rendered":"Sobre nosotros"},"content":{"rendered":"<p>Nuestro pensamiento a trav\u00e9s del prisma de MARCA: \u00bfqui\u00e9nes somos y por qu\u00e9 existimos durante tanto tiempo?<\/p>\n<p>En el ajetreado estilo de vida actual, todo negocio se basa en obtener la mayor cantidad de ganancias posible. Pero incluso esto se est\u00e1 superando de acuerdo con los cambios diarios en el mundo, y el beneficio por s\u00ed solo ya no es suficiente para lograr el objetivo de una sola parte.<\/p>\n<p>A veces, es mejor mirar las cosas desde otro punto de vista, a menudo m\u00e1s realista, para ver lo que realmente se necesita para superar un paso m\u00e1s.<\/p>\n<p>En consecuencia, comenzamos a encuestar a las personas en 2018 con el objetivo principal de determinar qu\u00e9 es lo que las personas realmente necesitan en su vida diaria y adaptamos nuestro modelo de negocio a eso.<\/p>\n<p>&nbsp;<\/p>\n<p>Nuestra meta:<\/p>\n<p>El mercado mundial de Internet est\u00e1 inundado de una cantidad incalculable de productos que se ofrecen en todo el mundo, y el simple hecho de pedirlos es un gran problema y un enredo, por lo que la gente tiene reservas sobre este tipo de cosas.<\/p>\n<p>\u00a1Se vuelve dif\u00edcil distinguir qu\u00e9 tienda online tiene un modelo de negocio bien desarrollado y una organizaci\u00f3n de alto nivel donde la prioridad es el cliente y la compra segura!<\/p>\n<p>Todas estas no deber\u00edan ser razones por las que no podamos disfrutar de cosas interesantes que solo est\u00e1n disponibles para nosotros en l\u00ednea, es por eso que estamos aqu\u00ed para servirte como un filtro y una opci\u00f3n segura para personas curiosas como nosotros.<\/p>\n<p>De acuerdo con el mercado global de Internet, que monitoreamos constantemente, queremos reunir en un solo lugar los mejores y m\u00e1s necesarios productos de tendencia que lo har\u00e1n m\u00e1s feliz y facilitar\u00e1n su vida diaria.<\/p>\n<p>Uno de los par\u00e1metros que result\u00f3 m\u00e1s importante durante nuestra encuesta es la entrega r\u00e1pida, por lo que, de acuerdo con esto, mantenemos todos los productos que hemos mostrado en el sitio web en stock real en nuestros almacenes en Europa, para que est\u00e9n disponibles.<\/p>\n<p>ahora y ahora!<\/p>\n<p>Por supuesto, la parte m\u00e1s importante es la calidad del producto, por eso probamos cuidadosamente cada producto individual antes de lanzarlo al mercado y verificamos todas las funcionalidades para asegurarnos de que el producto realmente cumple con los est\u00e1ndares de calidad mostrados.<\/p>\n<p>Nuestro lema:<\/p>\n<p>Exploramos el motor de b\u00fasqueda para usted y los productos que le gustan, \u00a1sin su riesgo!<\/p>\n","protected":false},"excerpt":{"rendered":"<p>Nuestro pensamiento a trav\u00e9s del prisma de MARCA: \u00bfqui\u00e9nes somos y por qu\u00e9 existimos durante tanto tiempo? En el ajetreado estilo de vida actual, todo negocio se basa en obtener la mayor cantidad de ganancias posible. Pero incluso esto se est\u00e1 superando de acuerdo con los cambios diarios en el mundo, y el beneficio por &hellip; <a href=\"https:\/\/linoexpress.com\/es\/sobre-nosotros\/\">Continued<\/a><\/p>\n","protected":false},"author":1,"featured_media":0,"parent":0,"menu_order":0,"comment_status":"closed","ping_status":"closed","template":"","meta":{"inline_featured_image":false,"footnotes":""},"class_list":["post-104","page","type-page","status-publish","hentry"],"acf":[],"_links":{"self":[{"href":"https:\/\/linoexpress.com\/es\/wp-json\/wp\/v2\/pages\/104","targetHints":{"allow":["GET"]}}],"collection":[{"href":"https:\/\/linoexpress.com\/es\/wp-json\/wp\/v2\/pages"}],"about":[{"href":"https:\/\/linoexpress.com\/es\/wp-json\/wp\/v2\/types\/page"}],"author":[{"embeddable":true,"href":"https:\/\/linoexpress.com\/es\/wp-json\/wp\/v2\/users\/1"}],"replies":[{"embeddable":true,"href":"https:\/\/linoexpress.com\/es\/wp-json\/wp\/v2\/comments?post=104"}],"version-history":[{"count":4,"href":"https:\/\/linoexpress.com\/es\/wp-json\/wp\/v2\/pages\/104\/revisions"}],"predecessor-version":[{"id":10614,"href":"https:\/\/linoexpress.com\/es\/wp-json\/wp\/v2\/pages\/104\/revisions\/10614"}],"wp:attachment":[{"href":"https:\/\/linoexpress.com\/es\/wp-json\/wp\/v2\/media?parent=104"}],"curies":[{"name":"wp","href":"https:\/\/api.w.org\/{rel}","templated":true}]}}