{"id":1044,"date":"2021-01-05T14:08:01","date_gmt":"2021-01-05T13:08:01","guid":{"rendered":"https:\/\/shopium.eu\/hr\/?page_id=1044"},"modified":"2023-09-15T12:24:05","modified_gmt":"2023-09-15T10:24:05","slug":"politica-de-cookies","status":"publish","type":"page","link":"https:\/\/linoexpress.com\/es\/politica-de-cookies\/","title":{"rendered":"Pol\u00edtica de cookies"},"content":{"rendered":"<p>La empresa ECTCEU d.o.o. respeta y protege su privacidad. A continuaci\u00f3n encontrar\u00e1 informaci\u00f3n m\u00e1s detallada sobre c\u00f3mo manejamos sus datos personales.<\/p>\n<p>Esta Pol\u00edtica de Cookies describe el procesamiento de los datos recopilados mediante el uso de cookies y tecnolog\u00edas similares. Estas reglas han sido preparadas de acuerdo con el Reglamento General de Protecci\u00f3n de Datos de la Uni\u00f3n Europea (GDPR) y la legislaci\u00f3n eslovena vigente.<\/p>\n<p>1. Acerca de las cookies<\/p>\n<p>\u00bfQu\u00e9 son las cookies y por qu\u00e9 son necesarias?<\/p>\n<p>Una cookie es un peque\u00f1o fragmento de datos que un sitio web env\u00eda a un navegador en relaci\u00f3n con su visita. De esta forma, el sitio web te reconoce, recuerda informaci\u00f3n relacionada con tu visita y te proporciona un servicio online personalizado y sencillo. Las cookies nos ayudan a personalizar el contenido de nuestro sitio web, recordar sus preferencias y registrar las visitas a nuestro sitio web. Las cookies permiten una experiencia de navegaci\u00f3n agradable, r\u00e1pida y m\u00e1s eficiente en nuestro sitio web.<\/p>\n<p>&nbsp;<\/p>\n<p>2. Cookies que utilizamos<\/p>\n<p>Utilizamos diferentes categor\u00edas de cookies en nuestro sitio web divididas en cuatro categor\u00edas:<\/p>\n<p>cookies necesarias,<br \/>\ncookies anal\u00edticas,<br \/>\ncookies funcionales y<br \/>\ncookies publicitarias (marketing).<br \/>\nLas cookies necesarias son cookies sin las cuales nuestro sitio web no podr\u00eda funcionar. Estas cookies se colocan autom\u00e1ticamente en su dispositivo y no se pueden desactivar. Las cookies necesarias no pueden identificarlo y solo est\u00e1n ah\u00ed para garantizar que el sitio web se muestre correctamente.<\/p>\n<p>Las cookies anal\u00edticas nos permiten realizar diversos an\u00e1lisis estad\u00edsticos de nuestro sitio web. Estas cookies se utilizan de forma an\u00f3nima, lo que significa que no pueden identificarle. Puede desactivar el uso de estas cookies en su navegador de Internet o en la secci\u00f3n \u00abConfiguraci\u00f3n de cookies\u00bb en la parte inferior de nuestro sitio web.<\/p>\n<p>Las cookies funcionales son cookies que habilitan diversas funciones de nuestro sitio web, como configurar el idioma, guardar el contenido de su carrito de compras, etc. Estas cookies se colocan en su dispositivo solo con su consentimiento previo.<\/p>\n<p>Las cookies de marketing se utilizan para proporcionar servicios publicitarios personalizados. Al utilizar datos, estas cookies crean un perfil suyo en funci\u00f3n del cual solo ver\u00e1 anuncios que se consideren de su inter\u00e9s. Estas cookies se colocan en su dispositivo s\u00f3lo con su consentimiento previo. Le advertimos que rechazar el uso de estas cookies no impedir\u00e1 que se muestren anuncios en el sitio web ya que seguir\u00e1n apareciendo; sin embargo, ya no se adaptar\u00e1n a sus intereses.<\/p>\n<p>Adem\u00e1s de las categor\u00edas antes mencionadas, distinguimos entre cookies propias y cookies de terceros que utilizamos en nuestro sitio web.<\/p>\n<p>Las cookies de origen son cookies que pertenecen a este sitio web, es decir, cookies colocadas en este sitio web por nuestra empresa o nuestros procesadores contractuales. Para obtener m\u00e1s informaci\u00f3n sobre nuestros procesadores contractuales, lea nuestra Pol\u00edtica de privacidad.<\/p>\n<p>Las cookies de terceros son cookies colocadas por sitios web distintos al que est\u00e1 visitando actualmente y que nos permiten utilizar anuncios personalizados. Estas cookies se utilizan para rastrear su uso de Internet, lo que nos permite mostrarle anuncios que son relevantes e interesantes para usted.<\/p>\n<p>&nbsp;<\/p>\n<p>3. Editar la configuraci\u00f3n de cookies<\/p>\n<p>Puede decidir si desea permitir que se almacenen cookies en su dispositivo.<\/p>\n<p>Puede cambiar la configuraci\u00f3n de cookies en cualquier momento en la secci\u00f3n \u00abConfiguraci\u00f3n de cookies\u00bb en la parte inferior del sitio web.<\/p>\n<p>Cuando visita nuestro sitio web, solo las cookies necesarias y las cookies anal\u00edticas an\u00f3nimas se colocan autom\u00e1ticamente en su dispositivo, mientras que las cookies de preferencias y marketing se colocan en su dispositivo solo con su consentimiento.<\/p>\n<p>\u00bfC\u00f3mo puedo dar mi consentimiento?<\/p>\n<p>Cuando visite nuestro sitio web por primera vez, se abrir\u00e1 una ventana emergente y podr\u00e1 seleccionar la configuraci\u00f3n de cookies adecuada. Si ya visit\u00f3 nuestro sitio web y confirm\u00f3 las cookies seleccionadas, puede cambiar esta configuraci\u00f3n yendo a la secci\u00f3n \u00abConfiguraci\u00f3n de cookies\u00bb en la parte inferior de nuestro sitio web. Se abrir\u00e1 una nueva ventana emergente y podr\u00e1 elegir la configuraci\u00f3n de cookies.<\/p>\n<p>Le advertimos que rechazar el uso de cookies no impedir\u00e1 que se muestren anuncios en el sitio web. El n\u00famero de anuncios mostrados ser\u00e1 el mismo que si hubiera aceptado las cookies. Si se niega a aceptar cookies publicitarias, solo ver\u00e1 anuncios generalizados y no ver\u00e1 anuncios adaptados a sus deseos y necesidades.<\/p>\n<p>La configuraci\u00f3n de las cookies tambi\u00e9n se puede controlar y cambiar en su navegador de Internet.<\/p>\n<p>Para obtener m\u00e1s informaci\u00f3n sobre la configuraci\u00f3n de cookies, seleccione el navegador de Internet que est\u00e1 utilizando:<\/p>\n<p>Cromo<br \/>\nFirefox<br \/>\nexplorador de Internet<br \/>\nSafari<br \/>\n\u00d3pera<br \/>\nSi cambia o elimina el archivo de cookies de su navegador o cambia\/actualiza su navegador o su dispositivo, es posible que deba desactivar las cookies nuevamente. El procedimiento de gesti\u00f3n y eliminaci\u00f3n de cookies depende del navegador. Si necesita ayuda, puede consultar la secci\u00f3n \u00abAsistencia al usuario\u00bb de su navegador.<\/p>\n<p>Tambi\u00e9n puede desactivar Google Analytics en https:\/\/marketingplatform.google.com\/about\/.<\/p>\n<p>Para obtener m\u00e1s informaci\u00f3n sobre las cookies, visite http:\/\/youronlinechoices.com\/.<\/p>\n<p>&nbsp;<\/p>\n<p>4. Cookies que utilizamos en este sitio web<\/p>\n<p>&nbsp;<\/p>\n<p>NOMBRE DE LA COOKIE FINALIDAD DURACI\u00d3N DE LA EMPRESA<br \/>\nsb Complemento laboral 2 a\u00f1os Facebook<br \/>\nEl complemento fr funciona durante 3 meses Facebook<br \/>\nEl complemento xs funciona durante 3 meses Facebook<br \/>\nc_user Operaci\u00f3n complementaria 3 meses Facebook<br \/>\npresencia Operaci\u00f3n del complemento Duraci\u00f3n de la sesi\u00f3n Facebook<br \/>\npl Complemento de trabajo 1 mes Facebook<br \/>\nwd Trabajo complementario 1 semana Facebook<br \/>\ndatr Trabajo complementario 3 meses Facebook<br \/>\nNOMBRE DE LA COOKIE FINALIDAD DURACI\u00d3N DE LA EMPRESA<br \/>\nm_pixel_ratio Operaci\u00f3n del complemento Duraci\u00f3n de la sesi\u00f3n Facebook<br \/>\ndpr Trabajo complementario 1 semana Facebook<br \/>\nactuar Operaci\u00f3n adicional Duraci\u00f3n de la sesi\u00f3n Facebook<br \/>\n_lo_v Funcionamiento del complemento Ghost Monitor 3 meses Ghost Monitor<br \/>\n__cfduid Funcionamiento del complemento Ghost Monitor 1 a\u00f1o Ghost Monitor<br \/>\n_lo_u Funcionamiento del complemento Ghost Monitor 1 a\u00f1o Ghost Monitor<br \/>\n_ga Operaci\u00f3n adicional de Ghost Monitor 1 a\u00f1o de Ghost Monitor<br \/>\nNOMBRE DE LA COOKIE FINALIDAD DURACI\u00d3N DE LA EMPRESA<br \/>\n__utma Estad\u00edsticas de visitas de usuarios durante 2 a\u00f1os Google Analytics<br \/>\n__utmz Estad\u00edsticas de visitas de usuarios durante 6 meses Google Analytics<br \/>\n__utmc Estad\u00edsticas de visitas de usuarios Duraci\u00f3n de la sesi\u00f3n de Google Analytics<br \/>\n__utmv Estad\u00edsticas de visitas de usuarios Duraci\u00f3n de la sesi\u00f3n de Google Analytics<br \/>\n__distillery Funcionamiento del dispositivo de v\u00eddeo shopium.eu shopium.eu<br \/>\nwoocommerce_items_in_cart Operaci\u00f3n del sitio shopium.eu shopium.eu shopium.eu<br \/>\n__kla_id Funcionamiento del sitio web shopium.eu shopium.eu shopium.eu<br \/>\nwp_woocommerce_session_ Funcionamiento de shopium.eu shopium.eu shopium.eu<\/p>\n<p>5. Finalidades para las que se utilizan las cookies en nuestro sitio web<\/p>\n<p>En nuestro sitio web, las cookies se utilizan con las siguientes finalidades:<\/p>\n<p>reconocer a los visitantes durante su pr\u00f3xima visita,<br \/>\nalmacenar calificaciones de productos que usted proporciona,<br \/>\nan\u00e1lisis de sitios web,<br \/>\nproporcionando seguridad del sitio web,<br \/>\nrastrear y guardar el contenido de su carrito de compras (cookie de sesi\u00f3n),<br \/>\ncookie para enviar un mensaje sobre una compra incompleta,<br \/>\nfuncionamiento del contenido de v\u00eddeo,<br \/>\nel funcionamiento de la funci\u00f3n de chat en el sitio web y<br \/>\npublicidad.<\/p>\n<p>6. Sus derechos respecto al tratamiento de datos personales mediante cookies<\/p>\n<p>Adem\u00e1s de editar la configuraci\u00f3n de las cookies como se describe anteriormente, tambi\u00e9n tiene la opci\u00f3n de ejercer sus derechos relacionados con el procesamiento de datos personales. Estos derechos se detallan en nuestra Pol\u00edtica de Privacidad.<\/p>\n<p>&nbsp;<\/p>\n<p>7. Cambios y contacto<\/p>\n<p>Esta Pol\u00edtica de Cookies podr\u00e1 modificarse en cualquier momento. La versi\u00f3n actualizada se publicar\u00e1 en: https:\/\/linoexpress.com\/es\/<\/p>\n<p>En caso de dudas o si necesita m\u00e1s informaci\u00f3n sobre las cookies o el tratamiento de datos personales, p\u00f3ngase en contacto con nosotros en es@linoexpress.com.<\/p>\n<p>&nbsp;<\/p>\n<p>ECTCEU d.o.o. Kamni\u0161ka cesta 24 \/ 1235 Radomlje \/ Eslovenia \/ es@linoexpress.com<\/p>\n<p>Autoridad de registro: Tribunal de Distrito de Liubliana \/ Capital social: 7.500 EUR \/ IBAN SI56 1010 0005 7929 365 \/ CIF: 37400223 \/ N\u00famero de registro de la empresa: 8477493000<\/p>\n<p>&nbsp;<\/p>\n","protected":false},"excerpt":{"rendered":"<p>La empresa ECTCEU d.o.o. respeta y protege su privacidad. A continuaci\u00f3n encontrar\u00e1 informaci\u00f3n m\u00e1s detallada sobre c\u00f3mo manejamos sus datos personales. Esta Pol\u00edtica de Cookies describe el procesamiento de los datos recopilados mediante el uso de cookies y tecnolog\u00edas similares. Estas reglas han sido preparadas de acuerdo con el Reglamento General de Protecci\u00f3n de Datos &hellip; <a href=\"https:\/\/linoexpress.com\/es\/politica-de-cookies\/\">Continued<\/a><\/p>\n","protected":false},"author":4,"featured_media":0,"parent":0,"menu_order":0,"comment_status":"closed","ping_status":"closed","template":"","meta":{"inline_featured_image":false,"footnotes":""},"class_list":["post-1044","page","type-page","status-publish","hentry"],"acf":[],"_links":{"self":[{"href":"https:\/\/linoexpress.com\/es\/wp-json\/wp\/v2\/pages\/1044","targetHints":{"allow":["GET"]}}],"collection":[{"href":"https:\/\/linoexpress.com\/es\/wp-json\/wp\/v2\/pages"}],"about":[{"href":"https:\/\/linoexpress.com\/es\/wp-json\/wp\/v2\/types\/page"}],"author":[{"embeddable":true,"href":"https:\/\/linoexpress.com\/es\/wp-json\/wp\/v2\/users\/4"}],"replies":[{"embeddable":true,"href":"https:\/\/linoexpress.com\/es\/wp-json\/wp\/v2\/comments?post=1044"}],"version-history":[{"count":3,"href":"https:\/\/linoexpress.com\/es\/wp-json\/wp\/v2\/pages\/1044\/revisions"}],"predecessor-version":[{"id":10616,"href":"https:\/\/linoexpress.com\/es\/wp-json\/wp\/v2\/pages\/1044\/revisions\/10616"}],"wp:attachment":[{"href":"https:\/\/linoexpress.com\/es\/wp-json\/wp\/v2\/media?parent=1044"}],"curies":[{"name":"wp","href":"https:\/\/api.w.org\/{rel}","templated":true}]}}