{"id":98,"date":"2020-10-28T10:57:05","date_gmt":"2020-10-28T10:57:05","guid":{"rendered":"https:\/\/shopium.eu\/rs\/?page_id=98"},"modified":"2023-09-15T12:08:52","modified_gmt":"2023-09-15T10:08:52","slug":"opciones-de-entrega-y-pago","status":"publish","type":"page","link":"https:\/\/linoexpress.com\/es\/opciones-de-entrega-y-pago\/","title":{"rendered":"Opciones de entrega y pago"},"content":{"rendered":"<p>Entrega<\/p>\n<p>Todos los productos que se muestran en nuestro sitio web tambi\u00e9n est\u00e1n en nuestro inventario. Durante la compra, el cliente est\u00e1 obligado a pagar los gastos de env\u00edo al recibir la mercanc\u00eda, excepto en el caso de pedidos de productos individuales, en los que se indica: \u00ablos portes est\u00e1n incluidos en el precio\u00bb o \u00abentrega gratuita\u00bb. Utilizamos los servicios de entrega de DelNext para entregar pedidos. Tenemos un contrato firmado de cooperaci\u00f3n comercial con todos los servicios de mensajer\u00eda mencionados anteriormente. El plazo de entrega de los productos solicitados es de 2 a 4 d\u00edas laborables (debido a la situaci\u00f3n del COVID-19, existe la posibilidad de ampliar el plazo de entrega). Los productos solicitados se entregan en la direcci\u00f3n que usted especific\u00f3 como direcci\u00f3n de entrega.<\/p>\n<p>&nbsp;<\/p>\n<p>Rastreo de env\u00edo<\/p>\n<p>Puede realizar el seguimiento de su env\u00edo a trav\u00e9s de este enlace:\u00a0<a href=\"https:\/\/www.delnext.com\/ES\/track_your_parcel\">https:\/\/www.delnext.com\/ES\/track_your_parcel<\/a><\/p>\n<p>&nbsp;<\/p>\n<p>Pago<\/p>\n<p>Te ofrecemos varias opciones de pago. Puede pagar el producto mediante PayPal, tarjeta de cr\u00e9dito o contra reembolso.<\/p>\n","protected":false},"excerpt":{"rendered":"<p>Entrega Todos los productos que se muestran en nuestro sitio web tambi\u00e9n est\u00e1n en nuestro inventario. Durante la compra, el cliente est\u00e1 obligado a pagar los gastos de env\u00edo al recibir la mercanc\u00eda, excepto en el caso de pedidos de productos individuales, en los que se indica: \u00ablos portes est\u00e1n incluidos en el precio\u00bb o &hellip; <a href=\"https:\/\/linoexpress.com\/es\/opciones-de-entrega-y-pago\/\">Continued<\/a><\/p>\n","protected":false},"author":1,"featured_media":0,"parent":0,"menu_order":0,"comment_status":"closed","ping_status":"closed","template":"","meta":{"inline_featured_image":false,"footnotes":""},"class_list":["post-98","page","type-page","status-publish","hentry"],"acf":[],"_links":{"self":[{"href":"https:\/\/linoexpress.com\/es\/wp-json\/wp\/v2\/pages\/98","targetHints":{"allow":["GET"]}}],"collection":[{"href":"https:\/\/linoexpress.com\/es\/wp-json\/wp\/v2\/pages"}],"about":[{"href":"https:\/\/linoexpress.com\/es\/wp-json\/wp\/v2\/types\/page"}],"author":[{"embeddable":true,"href":"https:\/\/linoexpress.com\/es\/wp-json\/wp\/v2\/users\/1"}],"replies":[{"embeddable":true,"href":"https:\/\/linoexpress.com\/es\/wp-json\/wp\/v2\/comments?post=98"}],"version-history":[{"count":13,"href":"https:\/\/linoexpress.com\/es\/wp-json\/wp\/v2\/pages\/98\/revisions"}],"predecessor-version":[{"id":10610,"href":"https:\/\/linoexpress.com\/es\/wp-json\/wp\/v2\/pages\/98\/revisions\/10610"}],"wp:attachment":[{"href":"https:\/\/linoexpress.com\/es\/wp-json\/wp\/v2\/media?parent=98"}],"curies":[{"name":"wp","href":"https:\/\/api.w.org\/{rel}","templated":true}]}}