{"id":10563,"date":"2023-08-03T13:45:16","date_gmt":"2023-08-03T11:45:16","guid":{"rendered":"https:\/\/linoexpress.com\/es\/?post_type=product&#038;p=10563"},"modified":"2023-09-20T14:08:52","modified_gmt":"2023-09-20T12:08:52","slug":"camion-transformable-2-en-1","status":"publish","type":"product","link":"https:\/\/linoexpress.com\/es\/proizvod\/camion-transformable-2-en-1\/","title":{"rendered":"Cami\u00f3n transformable 2 en 1"},"content":{"rendered":"","protected":false},"excerpt":{"rendered":"<p>El mega cami\u00f3n portador de autos de juguete con rieles ocultos es el juguete perfecto para los que m\u00e1s quiere. El juguete perfecto para los ni\u00f1os para todas las ocasiones.<\/p>\n","protected":false},"featured_media":8189,"comment_status":"closed","ping_status":"closed","template":"","meta":{"inline_featured_image":false},"product_brand":[],"product_cat":[15,35],"product_tag":[],"class_list":{"0":"post-10563","1":"product","2":"type-product","3":"status-publish","4":"has-post-thumbnail","6":"product_cat-uncategorized","7":"product_cat-fun","9":"first","10":"instock","11":"sale","12":"taxable","13":"shipping-taxable","14":"purchasable","15":"product-type-simple"},"acf":[],"_links":{"self":[{"href":"https:\/\/linoexpress.com\/es\/wp-json\/wp\/v2\/product\/10563","targetHints":{"allow":["GET"]}}],"collection":[{"href":"https:\/\/linoexpress.com\/es\/wp-json\/wp\/v2\/product"}],"about":[{"href":"https:\/\/linoexpress.com\/es\/wp-json\/wp\/v2\/types\/product"}],"replies":[{"embeddable":true,"href":"https:\/\/linoexpress.com\/es\/wp-json\/wp\/v2\/comments?post=10563"}],"wp:featuredmedia":[{"embeddable":true,"href":"https:\/\/linoexpress.com\/es\/wp-json\/wp\/v2\/media\/8189"}],"wp:attachment":[{"href":"https:\/\/linoexpress.com\/es\/wp-json\/wp\/v2\/media?parent=10563"}],"wp:term":[{"taxonomy":"product_brand","embeddable":true,"href":"https:\/\/linoexpress.com\/es\/wp-json\/wp\/v2\/product_brand?post=10563"},{"taxonomy":"product_cat","embeddable":true,"href":"https:\/\/linoexpress.com\/es\/wp-json\/wp\/v2\/product_cat?post=10563"},{"taxonomy":"product_tag","embeddable":true,"href":"https:\/\/linoexpress.com\/es\/wp-json\/wp\/v2\/product_tag?post=10563"}],"curies":[{"name":"wp","href":"https:\/\/api.w.org\/{rel}","templated":true}]}}