{"id":10567,"date":"2023-08-04T08:14:00","date_gmt":"2023-08-04T06:14:00","guid":{"rendered":"https:\/\/linoexpress.com\/es\/?post_type=product&#038;p=10567"},"modified":"2023-09-20T14:10:05","modified_gmt":"2023-09-20T12:10:05","slug":"libros-de-actividades-interactivos-para-ninos","status":"publish","type":"product","link":"https:\/\/linoexpress.com\/es\/proizvod\/libros-de-actividades-interactivos-para-ninos\/","title":{"rendered":"Libros de actividades  interactivos para ni\u00f1os"},"content":{"rendered":"","protected":false},"excerpt":{"rendered":"<p>Con este divertido libro de actividades, sus hijos mejorar\u00e1n la creaci\u00f3n de movimientos y formas, el dibujo y la escritura. Prepare a su hijo para el colegio y haga que le resulte m\u00e1s f\u00e1cil empezar. Deje que los ni\u00f1os desarrollen su precisi\u00f3n con este libro educativo.<\/p>\n","protected":false},"featured_media":5055,"comment_status":"closed","ping_status":"closed","template":"","meta":{"inline_featured_image":false},"product_brand":[],"product_cat":[15,35],"product_tag":[],"class_list":{"0":"post-10567","1":"product","2":"type-product","3":"status-publish","4":"has-post-thumbnail","6":"product_cat-uncategorized","7":"product_cat-fun","9":"first","10":"instock","11":"sale","12":"taxable","13":"shipping-taxable","14":"purchasable","15":"product-type-simple"},"acf":[],"_links":{"self":[{"href":"https:\/\/linoexpress.com\/es\/wp-json\/wp\/v2\/product\/10567","targetHints":{"allow":["GET"]}}],"collection":[{"href":"https:\/\/linoexpress.com\/es\/wp-json\/wp\/v2\/product"}],"about":[{"href":"https:\/\/linoexpress.com\/es\/wp-json\/wp\/v2\/types\/product"}],"replies":[{"embeddable":true,"href":"https:\/\/linoexpress.com\/es\/wp-json\/wp\/v2\/comments?post=10567"}],"wp:featuredmedia":[{"embeddable":true,"href":"https:\/\/linoexpress.com\/es\/wp-json\/wp\/v2\/media\/5055"}],"wp:attachment":[{"href":"https:\/\/linoexpress.com\/es\/wp-json\/wp\/v2\/media?parent=10567"}],"wp:term":[{"taxonomy":"product_brand","embeddable":true,"href":"https:\/\/linoexpress.com\/es\/wp-json\/wp\/v2\/product_brand?post=10567"},{"taxonomy":"product_cat","embeddable":true,"href":"https:\/\/linoexpress.com\/es\/wp-json\/wp\/v2\/product_cat?post=10567"},{"taxonomy":"product_tag","embeddable":true,"href":"https:\/\/linoexpress.com\/es\/wp-json\/wp\/v2\/product_tag?post=10567"}],"curies":[{"name":"wp","href":"https:\/\/api.w.org\/{rel}","templated":true}]}}