{"id":10571,"date":"2023-08-04T08:24:39","date_gmt":"2023-08-04T06:24:39","guid":{"rendered":"https:\/\/linoexpress.com\/es\/?post_type=product&#038;p=10571"},"modified":"2023-09-20T14:10:44","modified_gmt":"2023-09-20T12:10:44","slug":"unidad-ssd-externa-portatil","status":"publish","type":"product","link":"https:\/\/linoexpress.com\/es\/proizvod\/unidad-ssd-externa-portatil\/","title":{"rendered":"Unidad SSD externa port\u00e1til"},"content":{"rendered":"","protected":false},"excerpt":{"rendered":"<p>La unidad de disco duro de estado s\u00f3lido externa port\u00e1til de tipo C es una soluci\u00f3n ideal para el almacenamiento de datos. Dise\u00f1o superior y un producto ecol\u00f3gico.<\/p>\n","protected":false},"featured_media":8166,"comment_status":"closed","ping_status":"closed","template":"","meta":{"inline_featured_image":false},"product_brand":[],"product_cat":[25,27,15],"product_tag":[],"class_list":{"0":"post-10571","1":"product","2":"type-product","3":"status-publish","4":"has-post-thumbnail","6":"product_cat-car","7":"product_cat-home","8":"product_cat-uncategorized","10":"first","11":"instock","12":"sale","13":"taxable","14":"shipping-taxable","15":"purchasable","16":"product-type-simple"},"acf":[],"_links":{"self":[{"href":"https:\/\/linoexpress.com\/es\/wp-json\/wp\/v2\/product\/10571","targetHints":{"allow":["GET"]}}],"collection":[{"href":"https:\/\/linoexpress.com\/es\/wp-json\/wp\/v2\/product"}],"about":[{"href":"https:\/\/linoexpress.com\/es\/wp-json\/wp\/v2\/types\/product"}],"replies":[{"embeddable":true,"href":"https:\/\/linoexpress.com\/es\/wp-json\/wp\/v2\/comments?post=10571"}],"wp:featuredmedia":[{"embeddable":true,"href":"https:\/\/linoexpress.com\/es\/wp-json\/wp\/v2\/media\/8166"}],"wp:attachment":[{"href":"https:\/\/linoexpress.com\/es\/wp-json\/wp\/v2\/media?parent=10571"}],"wp:term":[{"taxonomy":"product_brand","embeddable":true,"href":"https:\/\/linoexpress.com\/es\/wp-json\/wp\/v2\/product_brand?post=10571"},{"taxonomy":"product_cat","embeddable":true,"href":"https:\/\/linoexpress.com\/es\/wp-json\/wp\/v2\/product_cat?post=10571"},{"taxonomy":"product_tag","embeddable":true,"href":"https:\/\/linoexpress.com\/es\/wp-json\/wp\/v2\/product_tag?post=10571"}],"curies":[{"name":"wp","href":"https:\/\/api.w.org\/{rel}","templated":true}]}}