{"id":10575,"date":"2023-08-04T10:11:29","date_gmt":"2023-08-04T08:11:29","guid":{"rendered":"https:\/\/linoexpress.com\/es\/?post_type=product&#038;p=10575"},"modified":"2023-12-18T09:31:07","modified_gmt":"2023-12-18T08:31:07","slug":"montessori-quiet-book-para-ninos","status":"publish","type":"product","link":"https:\/\/linoexpress.com\/es\/proizvod\/montessori-quiet-book-para-ninos\/","title":{"rendered":"Montessori Quiet Book para ni\u00f1os"},"content":{"rendered":"","protected":false},"excerpt":{"rendered":"<p>Los libros basados en los m\u00e9todos Montessori orientados al desarrollo de los ni\u00f1os, sus habilidades, sus sentidos y su imaginaci\u00f3n har\u00e1n disfrutar a todos los ni\u00f1os y facilitar\u00e1n su aprendizaje a trav\u00e9s del juego.<\/p>\n","protected":false},"featured_media":10380,"comment_status":"closed","ping_status":"closed","template":"","meta":{"inline_featured_image":false},"product_brand":[],"product_cat":[15,35],"product_tag":[],"class_list":{"0":"post-10575","1":"product","2":"type-product","3":"status-publish","4":"has-post-thumbnail","6":"product_cat-uncategorized","7":"product_cat-fun","9":"first","10":"instock","11":"sale","12":"taxable","13":"shipping-taxable","14":"purchasable","15":"product-type-variable"},"acf":[],"_links":{"self":[{"href":"https:\/\/linoexpress.com\/es\/wp-json\/wp\/v2\/product\/10575","targetHints":{"allow":["GET"]}}],"collection":[{"href":"https:\/\/linoexpress.com\/es\/wp-json\/wp\/v2\/product"}],"about":[{"href":"https:\/\/linoexpress.com\/es\/wp-json\/wp\/v2\/types\/product"}],"replies":[{"embeddable":true,"href":"https:\/\/linoexpress.com\/es\/wp-json\/wp\/v2\/comments?post=10575"}],"wp:featuredmedia":[{"embeddable":true,"href":"https:\/\/linoexpress.com\/es\/wp-json\/wp\/v2\/media\/10380"}],"wp:attachment":[{"href":"https:\/\/linoexpress.com\/es\/wp-json\/wp\/v2\/media?parent=10575"}],"wp:term":[{"taxonomy":"product_brand","embeddable":true,"href":"https:\/\/linoexpress.com\/es\/wp-json\/wp\/v2\/product_brand?post=10575"},{"taxonomy":"product_cat","embeddable":true,"href":"https:\/\/linoexpress.com\/es\/wp-json\/wp\/v2\/product_cat?post=10575"},{"taxonomy":"product_tag","embeddable":true,"href":"https:\/\/linoexpress.com\/es\/wp-json\/wp\/v2\/product_tag?post=10575"}],"curies":[{"name":"wp","href":"https:\/\/api.w.org\/{rel}","templated":true}]}}