{"id":10708,"date":"2023-07-28T08:49:18","date_gmt":"2023-07-28T06:49:18","guid":{"rendered":"https:\/\/linoexpress.com\/hr\/?post_type=product&#038;p=10708"},"modified":"2023-09-15T12:46:17","modified_gmt":"2023-09-15T10:46:17","slug":"montessori-magnetna-igra-sortiranja-brojeva-i-boja","status":"publish","type":"product","link":"https:\/\/linoexpress.com\/hr\/proizvod\/montessori-magnetna-igra-sortiranja-brojeva-i-boja\/","title":{"rendered":"Montessori magnetna igra sortiranja brojeva i boja"},"content":{"rendered":"","protected":false},"excerpt":{"rendered":"<div class=\"product-description border-bottom border-light mt-lg-4 mt-3 mb-lg-3 mb-2 pb-lg-3 pb-1\">Lavirint igra\u010dka sa magnetima fenomenalna za razvoj motori\u010dkih sposobnosti, u\u010denje boja, brojeva i ve\u017ebanje preciznosti i strpljenja!<\/div>\n<div class=\"row row-icons mt-4 d-lg-flex d-none\">\n<div class=\"col-3 icon1\"><\/div>\n<\/div>\n","protected":false},"featured_media":10715,"comment_status":"closed","ping_status":"closed","template":"","meta":{"inline_featured_image":false},"product_brand":[],"product_cat":[15,35],"product_tag":[],"class_list":{"0":"post-10708","1":"product","2":"type-product","3":"status-publish","4":"has-post-thumbnail","6":"product_cat-uncategorized","7":"product_cat-fun","9":"first","10":"instock","11":"sale","12":"taxable","13":"shipping-taxable","14":"purchasable","15":"product-type-simple"},"acf":[],"_links":{"self":[{"href":"https:\/\/linoexpress.com\/hr\/wp-json\/wp\/v2\/product\/10708","targetHints":{"allow":["GET"]}}],"collection":[{"href":"https:\/\/linoexpress.com\/hr\/wp-json\/wp\/v2\/product"}],"about":[{"href":"https:\/\/linoexpress.com\/hr\/wp-json\/wp\/v2\/types\/product"}],"replies":[{"embeddable":true,"href":"https:\/\/linoexpress.com\/hr\/wp-json\/wp\/v2\/comments?post=10708"}],"wp:featuredmedia":[{"embeddable":true,"href":"https:\/\/linoexpress.com\/hr\/wp-json\/wp\/v2\/media\/10715"}],"wp:attachment":[{"href":"https:\/\/linoexpress.com\/hr\/wp-json\/wp\/v2\/media?parent=10708"}],"wp:term":[{"taxonomy":"product_brand","embeddable":true,"href":"https:\/\/linoexpress.com\/hr\/wp-json\/wp\/v2\/product_brand?post=10708"},{"taxonomy":"product_cat","embeddable":true,"href":"https:\/\/linoexpress.com\/hr\/wp-json\/wp\/v2\/product_cat?post=10708"},{"taxonomy":"product_tag","embeddable":true,"href":"https:\/\/linoexpress.com\/hr\/wp-json\/wp\/v2\/product_tag?post=10708"}],"curies":[{"name":"wp","href":"https:\/\/api.w.org\/{rel}","templated":true}]}}