{"id":11805,"date":"2023-11-09T08:57:16","date_gmt":"2023-11-09T07:57:16","guid":{"rendered":"https:\/\/linoexpress.com\/hr\/?post_type=product&#038;p=11805"},"modified":"2025-01-20T11:59:39","modified_gmt":"2025-01-20T10:59:39","slug":"vakumski-cistac-i-sterilizator","status":"publish","type":"product","link":"https:\/\/linoexpress.com\/hr\/proizvod\/vakumski-cistac-i-sterilizator\/","title":{"rendered":"Vakumski \u010dista\u010d i sterilizator"},"content":{"rendered":"","protected":false},"excerpt":{"rendered":"<p>UV sterilizator i \u010dista\u010d pra\u0161ine i grinja garantuje vam svje\u017ee i bezbjedno okru\u017eenje. Priu\u0161tite sebi optimalno \u010dist dom!<\/p>\n","protected":false},"featured_media":11815,"comment_status":"closed","ping_status":"closed","template":"","meta":{"inline_featured_image":false},"product_brand":[],"product_cat":[27,15],"product_tag":[],"class_list":{"0":"post-11805","1":"product","2":"type-product","3":"status-publish","4":"has-post-thumbnail","6":"product_cat-home","7":"product_cat-uncategorized","9":"first","10":"instock","11":"sale","12":"taxable","13":"shipping-taxable","14":"purchasable","15":"product-type-simple"},"acf":[],"_links":{"self":[{"href":"https:\/\/linoexpress.com\/hr\/wp-json\/wp\/v2\/product\/11805","targetHints":{"allow":["GET"]}}],"collection":[{"href":"https:\/\/linoexpress.com\/hr\/wp-json\/wp\/v2\/product"}],"about":[{"href":"https:\/\/linoexpress.com\/hr\/wp-json\/wp\/v2\/types\/product"}],"replies":[{"embeddable":true,"href":"https:\/\/linoexpress.com\/hr\/wp-json\/wp\/v2\/comments?post=11805"}],"wp:featuredmedia":[{"embeddable":true,"href":"https:\/\/linoexpress.com\/hr\/wp-json\/wp\/v2\/media\/11815"}],"wp:attachment":[{"href":"https:\/\/linoexpress.com\/hr\/wp-json\/wp\/v2\/media?parent=11805"}],"wp:term":[{"taxonomy":"product_brand","embeddable":true,"href":"https:\/\/linoexpress.com\/hr\/wp-json\/wp\/v2\/product_brand?post=11805"},{"taxonomy":"product_cat","embeddable":true,"href":"https:\/\/linoexpress.com\/hr\/wp-json\/wp\/v2\/product_cat?post=11805"},{"taxonomy":"product_tag","embeddable":true,"href":"https:\/\/linoexpress.com\/hr\/wp-json\/wp\/v2\/product_tag?post=11805"}],"curies":[{"name":"wp","href":"https:\/\/api.w.org\/{rel}","templated":true}]}}