{"id":11823,"date":"2023-11-09T09:06:00","date_gmt":"2023-11-09T08:06:00","guid":{"rendered":"https:\/\/linoexpress.com\/hr\/?post_type=product&#038;p=11823"},"modified":"2024-08-20T12:08:02","modified_gmt":"2024-08-20T10:08:02","slug":"drift-rc-auto","status":"publish","type":"product","link":"https:\/\/linoexpress.com\/hr\/proizvod\/drift-rc-auto\/","title":{"rendered":"Drift auto na daljinsko upravljanje"},"content":{"rendered":"","protected":false},"excerpt":{"rendered":"<p>Pretvorite svoj dom u drift stazu za auti\u0107e. Neobi\u010dan na\u010din igre dugo \u0107e da dr\u017ei pa\u017enju i pru\u017ei nezaboravnu zabavu!<\/p>\n","protected":false},"featured_media":11958,"comment_status":"closed","ping_status":"closed","template":"","meta":{"inline_featured_image":false},"product_brand":[],"product_cat":[15,35],"product_tag":[],"class_list":{"0":"post-11823","1":"product","2":"type-product","3":"status-publish","4":"has-post-thumbnail","6":"product_cat-uncategorized","7":"product_cat-fun","9":"first","10":"instock","11":"sale","12":"taxable","13":"shipping-taxable","14":"purchasable","15":"product-type-simple"},"acf":[],"_links":{"self":[{"href":"https:\/\/linoexpress.com\/hr\/wp-json\/wp\/v2\/product\/11823","targetHints":{"allow":["GET"]}}],"collection":[{"href":"https:\/\/linoexpress.com\/hr\/wp-json\/wp\/v2\/product"}],"about":[{"href":"https:\/\/linoexpress.com\/hr\/wp-json\/wp\/v2\/types\/product"}],"replies":[{"embeddable":true,"href":"https:\/\/linoexpress.com\/hr\/wp-json\/wp\/v2\/comments?post=11823"}],"wp:featuredmedia":[{"embeddable":true,"href":"https:\/\/linoexpress.com\/hr\/wp-json\/wp\/v2\/media\/11958"}],"wp:attachment":[{"href":"https:\/\/linoexpress.com\/hr\/wp-json\/wp\/v2\/media?parent=11823"}],"wp:term":[{"taxonomy":"product_brand","embeddable":true,"href":"https:\/\/linoexpress.com\/hr\/wp-json\/wp\/v2\/product_brand?post=11823"},{"taxonomy":"product_cat","embeddable":true,"href":"https:\/\/linoexpress.com\/hr\/wp-json\/wp\/v2\/product_cat?post=11823"},{"taxonomy":"product_tag","embeddable":true,"href":"https:\/\/linoexpress.com\/hr\/wp-json\/wp\/v2\/product_tag?post=11823"}],"curies":[{"name":"wp","href":"https:\/\/api.w.org\/{rel}","templated":true}]}}