{"id":12082,"date":"2023-12-05T08:24:39","date_gmt":"2023-12-05T07:24:39","guid":{"rendered":"https:\/\/linoexpress.com\/hr\/?post_type=product&#038;p=12082"},"modified":"2023-12-05T11:12:53","modified_gmt":"2023-12-05T10:12:53","slug":"11-gratis-okviri-za-djecije-radove","status":"publish","type":"product","link":"https:\/\/linoexpress.com\/hr\/proizvod\/11-gratis-okviri-za-djecije-radove\/","title":{"rendered":"1+1 GRATIS-Okviri za dje\u010dije radove"},"content":{"rendered":"","protected":false},"excerpt":{"rendered":"<p>Sa\u010duvajte radove va\u0161e djece, diplome ili fotografije i ponosno ih izlo\u017eite na zidu ili namje\u0161taju. Mali umjetnici \u0107e biti odu\u0161evljeni!<\/p>\n","protected":false},"featured_media":11036,"comment_status":"closed","ping_status":"closed","template":"","meta":{"inline_featured_image":false},"product_brand":[],"product_cat":[15,35],"product_tag":[],"class_list":{"0":"post-12082","1":"product","2":"type-product","3":"status-publish","4":"has-post-thumbnail","6":"product_cat-uncategorized","7":"product_cat-fun","9":"first","10":"instock","11":"sale","12":"taxable","13":"shipping-taxable","14":"purchasable","15":"product-type-simple"},"acf":[],"_links":{"self":[{"href":"https:\/\/linoexpress.com\/hr\/wp-json\/wp\/v2\/product\/12082","targetHints":{"allow":["GET"]}}],"collection":[{"href":"https:\/\/linoexpress.com\/hr\/wp-json\/wp\/v2\/product"}],"about":[{"href":"https:\/\/linoexpress.com\/hr\/wp-json\/wp\/v2\/types\/product"}],"replies":[{"embeddable":true,"href":"https:\/\/linoexpress.com\/hr\/wp-json\/wp\/v2\/comments?post=12082"}],"wp:featuredmedia":[{"embeddable":true,"href":"https:\/\/linoexpress.com\/hr\/wp-json\/wp\/v2\/media\/11036"}],"wp:attachment":[{"href":"https:\/\/linoexpress.com\/hr\/wp-json\/wp\/v2\/media?parent=12082"}],"wp:term":[{"taxonomy":"product_brand","embeddable":true,"href":"https:\/\/linoexpress.com\/hr\/wp-json\/wp\/v2\/product_brand?post=12082"},{"taxonomy":"product_cat","embeddable":true,"href":"https:\/\/linoexpress.com\/hr\/wp-json\/wp\/v2\/product_cat?post=12082"},{"taxonomy":"product_tag","embeddable":true,"href":"https:\/\/linoexpress.com\/hr\/wp-json\/wp\/v2\/product_tag?post=12082"}],"curies":[{"name":"wp","href":"https:\/\/api.w.org\/{rel}","templated":true}]}}