{"id":12533,"date":"2024-01-23T08:45:04","date_gmt":"2024-01-23T07:45:04","guid":{"rendered":"https:\/\/linoexpress.com\/hr\/?post_type=product&#038;p=12533"},"modified":"2024-01-23T09:27:39","modified_gmt":"2024-01-23T08:27:39","slug":"11-gratis-montessori-magnetna-igra-sortiranja-brojeva-i-boja","status":"publish","type":"product","link":"https:\/\/linoexpress.com\/hr\/proizvod\/11-gratis-montessori-magnetna-igra-sortiranja-brojeva-i-boja\/","title":{"rendered":"1+1 GRATIS Montessori magnetna igra sortiranja brojeva i boja"},"content":{"rendered":"","protected":false},"excerpt":{"rendered":"<div class=\"product-description border-bottom border-light mt-lg-4 mt-3 mb-lg-3 mb-2 pb-lg-3 pb-1\">Lavirint igra\u010dka sa magnetima fenomenalna za razvoj motori\u010dkih sposobnosti, u\u010denje boja, brojeva i ve\u017ebanje preciznosti i strpljenja!<\/div>\n<div class=\"row row-icons mt-4 d-lg-flex d-none\">\n<div class=\"col-3 icon1\"><\/div>\n<\/div>\n","protected":false},"featured_media":10715,"comment_status":"closed","ping_status":"closed","template":"","meta":{"inline_featured_image":false},"product_brand":[],"product_cat":[15,35],"product_tag":[],"class_list":{"0":"post-12533","1":"product","2":"type-product","3":"status-publish","4":"has-post-thumbnail","6":"product_cat-uncategorized","7":"product_cat-fun","9":"first","10":"instock","11":"sale","12":"taxable","13":"shipping-taxable","14":"purchasable","15":"product-type-simple"},"acf":[],"_links":{"self":[{"href":"https:\/\/linoexpress.com\/hr\/wp-json\/wp\/v2\/product\/12533","targetHints":{"allow":["GET"]}}],"collection":[{"href":"https:\/\/linoexpress.com\/hr\/wp-json\/wp\/v2\/product"}],"about":[{"href":"https:\/\/linoexpress.com\/hr\/wp-json\/wp\/v2\/types\/product"}],"replies":[{"embeddable":true,"href":"https:\/\/linoexpress.com\/hr\/wp-json\/wp\/v2\/comments?post=12533"}],"wp:featuredmedia":[{"embeddable":true,"href":"https:\/\/linoexpress.com\/hr\/wp-json\/wp\/v2\/media\/10715"}],"wp:attachment":[{"href":"https:\/\/linoexpress.com\/hr\/wp-json\/wp\/v2\/media?parent=12533"}],"wp:term":[{"taxonomy":"product_brand","embeddable":true,"href":"https:\/\/linoexpress.com\/hr\/wp-json\/wp\/v2\/product_brand?post=12533"},{"taxonomy":"product_cat","embeddable":true,"href":"https:\/\/linoexpress.com\/hr\/wp-json\/wp\/v2\/product_cat?post=12533"},{"taxonomy":"product_tag","embeddable":true,"href":"https:\/\/linoexpress.com\/hr\/wp-json\/wp\/v2\/product_tag?post=12533"}],"curies":[{"name":"wp","href":"https:\/\/api.w.org\/{rel}","templated":true}]}}