{"id":12559,"date":"2024-03-08T13:37:23","date_gmt":"2024-03-08T12:37:23","guid":{"rendered":"https:\/\/linoexpress.com\/hr\/?post_type=product&#038;p=12559"},"modified":"2024-06-06T15:06:49","modified_gmt":"2024-06-06T13:06:49","slug":"podesiva-pila-za-grane","status":"publish","type":"product","link":"https:\/\/linoexpress.com\/hr\/proizvod\/podesiva-pila-za-grane\/","title":{"rendered":"Podesiva pila za grane"},"content":{"rendered":"","protected":false},"excerpt":{"rendered":"<p>Ova prakti\u010dna pila mo\u017ee da se sklopi ili produ\u017ei u zavisnosti od potrebe sje\u010denja. Prilagodite je konkretnom poslu koji obavljate i postignite optimalne rezultate rada.<\/p>\n","protected":false},"featured_media":12568,"comment_status":"closed","ping_status":"closed","template":"","meta":{"inline_featured_image":false},"product_brand":[],"product_cat":[27,15],"product_tag":[],"class_list":{"0":"post-12559","1":"product","2":"type-product","3":"status-publish","4":"has-post-thumbnail","6":"product_cat-home","7":"product_cat-uncategorized","9":"first","10":"instock","11":"sale","12":"taxable","13":"shipping-taxable","14":"purchasable","15":"product-type-simple"},"acf":[],"_links":{"self":[{"href":"https:\/\/linoexpress.com\/hr\/wp-json\/wp\/v2\/product\/12559","targetHints":{"allow":["GET"]}}],"collection":[{"href":"https:\/\/linoexpress.com\/hr\/wp-json\/wp\/v2\/product"}],"about":[{"href":"https:\/\/linoexpress.com\/hr\/wp-json\/wp\/v2\/types\/product"}],"replies":[{"embeddable":true,"href":"https:\/\/linoexpress.com\/hr\/wp-json\/wp\/v2\/comments?post=12559"}],"wp:featuredmedia":[{"embeddable":true,"href":"https:\/\/linoexpress.com\/hr\/wp-json\/wp\/v2\/media\/12568"}],"wp:attachment":[{"href":"https:\/\/linoexpress.com\/hr\/wp-json\/wp\/v2\/media?parent=12559"}],"wp:term":[{"taxonomy":"product_brand","embeddable":true,"href":"https:\/\/linoexpress.com\/hr\/wp-json\/wp\/v2\/product_brand?post=12559"},{"taxonomy":"product_cat","embeddable":true,"href":"https:\/\/linoexpress.com\/hr\/wp-json\/wp\/v2\/product_cat?post=12559"},{"taxonomy":"product_tag","embeddable":true,"href":"https:\/\/linoexpress.com\/hr\/wp-json\/wp\/v2\/product_tag?post=12559"}],"curies":[{"name":"wp","href":"https:\/\/api.w.org\/{rel}","templated":true}]}}