{"id":12722,"date":"2024-05-28T11:32:21","date_gmt":"2024-05-28T09:32:21","guid":{"rendered":"https:\/\/linoexpress.com\/hr\/?post_type=product&#038;p=12722"},"modified":"2024-11-19T16:28:48","modified_gmt":"2024-11-19T15:28:48","slug":"montessori-magnetska-igra-za-ucenje-matematike","status":"publish","type":"product","link":"https:\/\/linoexpress.com\/hr\/proizvod\/montessori-magnetska-igra-za-ucenje-matematike\/","title":{"rendered":"Montessori magnetska igra za u\u010denje matematike"},"content":{"rendered":"","protected":false},"excerpt":{"rendered":"<p>Inovativan pristup pou\u010davanju matemati\u010dkih operacija. U\u010dite djecu matematici kroz igru \u200b\u200bi vizualne prikaze!<\/p>\n","protected":false},"featured_media":12725,"comment_status":"closed","ping_status":"closed","template":"","meta":{"inline_featured_image":false},"product_brand":[],"product_cat":[15,35],"product_tag":[],"class_list":{"0":"post-12722","1":"product","2":"type-product","3":"status-publish","4":"has-post-thumbnail","6":"product_cat-uncategorized","7":"product_cat-fun","9":"first","10":"instock","11":"sale","12":"taxable","13":"shipping-taxable","14":"purchasable","15":"product-type-simple"},"acf":[],"_links":{"self":[{"href":"https:\/\/linoexpress.com\/hr\/wp-json\/wp\/v2\/product\/12722","targetHints":{"allow":["GET"]}}],"collection":[{"href":"https:\/\/linoexpress.com\/hr\/wp-json\/wp\/v2\/product"}],"about":[{"href":"https:\/\/linoexpress.com\/hr\/wp-json\/wp\/v2\/types\/product"}],"replies":[{"embeddable":true,"href":"https:\/\/linoexpress.com\/hr\/wp-json\/wp\/v2\/comments?post=12722"}],"wp:featuredmedia":[{"embeddable":true,"href":"https:\/\/linoexpress.com\/hr\/wp-json\/wp\/v2\/media\/12725"}],"wp:attachment":[{"href":"https:\/\/linoexpress.com\/hr\/wp-json\/wp\/v2\/media?parent=12722"}],"wp:term":[{"taxonomy":"product_brand","embeddable":true,"href":"https:\/\/linoexpress.com\/hr\/wp-json\/wp\/v2\/product_brand?post=12722"},{"taxonomy":"product_cat","embeddable":true,"href":"https:\/\/linoexpress.com\/hr\/wp-json\/wp\/v2\/product_cat?post=12722"},{"taxonomy":"product_tag","embeddable":true,"href":"https:\/\/linoexpress.com\/hr\/wp-json\/wp\/v2\/product_tag?post=12722"}],"curies":[{"name":"wp","href":"https:\/\/api.w.org\/{rel}","templated":true}]}}