{"id":13326,"date":"2024-10-28T08:05:42","date_gmt":"2024-10-28T07:05:42","guid":{"rendered":"https:\/\/linoexpress.com\/hr\/?post_type=product&#038;p=13326"},"modified":"2024-11-04T09:16:16","modified_gmt":"2024-11-04T08:16:16","slug":"set-za-ucenje-heklanja-i-pletenja","status":"publish","type":"product","link":"https:\/\/linoexpress.com\/hr\/proizvod\/set-za-ucenje-heklanja-i-pletenja\/","title":{"rendered":"Set za u\u010denje heklanja i pletenja"},"content":{"rendered":"","protected":false},"excerpt":{"rendered":"<p>Modernizirani na\u010din pletenja odu\u0161evit \u0107e sve ljubitelje ovog hobija kao i one koji to tek \u017eele postati!<\/p>\n","protected":false},"featured_media":13327,"comment_status":"closed","ping_status":"closed","template":"","meta":{"inline_featured_image":false},"product_brand":[],"product_cat":[15,35],"product_tag":[],"class_list":{"0":"post-13326","1":"product","2":"type-product","3":"status-publish","4":"has-post-thumbnail","6":"product_cat-uncategorized","7":"product_cat-fun","9":"first","10":"instock","11":"sale","12":"taxable","13":"shipping-taxable","14":"purchasable","15":"product-type-simple"},"acf":[],"_links":{"self":[{"href":"https:\/\/linoexpress.com\/hr\/wp-json\/wp\/v2\/product\/13326","targetHints":{"allow":["GET"]}}],"collection":[{"href":"https:\/\/linoexpress.com\/hr\/wp-json\/wp\/v2\/product"}],"about":[{"href":"https:\/\/linoexpress.com\/hr\/wp-json\/wp\/v2\/types\/product"}],"replies":[{"embeddable":true,"href":"https:\/\/linoexpress.com\/hr\/wp-json\/wp\/v2\/comments?post=13326"}],"wp:featuredmedia":[{"embeddable":true,"href":"https:\/\/linoexpress.com\/hr\/wp-json\/wp\/v2\/media\/13327"}],"wp:attachment":[{"href":"https:\/\/linoexpress.com\/hr\/wp-json\/wp\/v2\/media?parent=13326"}],"wp:term":[{"taxonomy":"product_brand","embeddable":true,"href":"https:\/\/linoexpress.com\/hr\/wp-json\/wp\/v2\/product_brand?post=13326"},{"taxonomy":"product_cat","embeddable":true,"href":"https:\/\/linoexpress.com\/hr\/wp-json\/wp\/v2\/product_cat?post=13326"},{"taxonomy":"product_tag","embeddable":true,"href":"https:\/\/linoexpress.com\/hr\/wp-json\/wp\/v2\/product_tag?post=13326"}],"curies":[{"name":"wp","href":"https:\/\/api.w.org\/{rel}","templated":true}]}}