{"id":13332,"date":"2024-10-28T09:39:10","date_gmt":"2024-10-28T08:39:10","guid":{"rendered":"https:\/\/linoexpress.com\/hr\/?post_type=product&#038;p=13332"},"modified":"2024-12-02T11:16:34","modified_gmt":"2024-12-02T10:16:34","slug":"bozicni-kalendar-sa-poklonima","status":"publish","type":"product","link":"https:\/\/linoexpress.com\/hr\/proizvod\/bozicni-kalendar-sa-poklonima\/","title":{"rendered":"Bo\u017ei\u0107ni kalendar sa poklonima"},"content":{"rendered":"","protected":false},"excerpt":{"rendered":"<p>Uljep\u0161ajte si predblagdanske dane ovim prekrasnim adventskim kalendarom i iznena\u0111enjima koja vam sprema!<\/p>\n","protected":false},"featured_media":13336,"comment_status":"closed","ping_status":"closed","template":"","meta":{"inline_featured_image":false},"product_brand":[],"product_cat":[15,35],"product_tag":[],"class_list":{"0":"post-13332","1":"product","2":"type-product","3":"status-publish","4":"has-post-thumbnail","6":"product_cat-uncategorized","7":"product_cat-fun","9":"first","10":"instock","11":"sale","12":"taxable","13":"shipping-taxable","14":"purchasable","15":"product-type-simple"},"acf":[],"_links":{"self":[{"href":"https:\/\/linoexpress.com\/hr\/wp-json\/wp\/v2\/product\/13332","targetHints":{"allow":["GET"]}}],"collection":[{"href":"https:\/\/linoexpress.com\/hr\/wp-json\/wp\/v2\/product"}],"about":[{"href":"https:\/\/linoexpress.com\/hr\/wp-json\/wp\/v2\/types\/product"}],"replies":[{"embeddable":true,"href":"https:\/\/linoexpress.com\/hr\/wp-json\/wp\/v2\/comments?post=13332"}],"wp:featuredmedia":[{"embeddable":true,"href":"https:\/\/linoexpress.com\/hr\/wp-json\/wp\/v2\/media\/13336"}],"wp:attachment":[{"href":"https:\/\/linoexpress.com\/hr\/wp-json\/wp\/v2\/media?parent=13332"}],"wp:term":[{"taxonomy":"product_brand","embeddable":true,"href":"https:\/\/linoexpress.com\/hr\/wp-json\/wp\/v2\/product_brand?post=13332"},{"taxonomy":"product_cat","embeddable":true,"href":"https:\/\/linoexpress.com\/hr\/wp-json\/wp\/v2\/product_cat?post=13332"},{"taxonomy":"product_tag","embeddable":true,"href":"https:\/\/linoexpress.com\/hr\/wp-json\/wp\/v2\/product_tag?post=13332"}],"curies":[{"name":"wp","href":"https:\/\/api.w.org\/{rel}","templated":true}]}}